{"id":287,"date":"2019-02-21T19:05:21","date_gmt":"2019-02-22T03:05:21","guid":{"rendered":"https:\/\/amorepetfoods.com\/staging\/product\/import-placeholder-for-78\/"},"modified":"2023-06-01T14:58:14","modified_gmt":"2023-06-01T21:58:14","slug":"megahappchen-kaninchenlachs-%c2%bd-lb","status":"publish","type":"product","link":"https:\/\/amorepetfoods.com\/de\/shop\/mega-morsels\/cat-mega-morsels\/mega-morsels-rabbit-salmon-%c2%bd-lb\/","title":{"rendered":"MEGA morsels\u2122 - Kaninchen &amp; Lachs (f\u00fcr Katzen)"},"content":{"rendered":"<p>Die Geburt von MEGA morsels\u00ae - Eines unserer Konkurrenzprodukte hatte eine sehr merkw\u00fcrdige %-Angabe f\u00fcr den Feuchtigkeitsgehalt auf seinem Produkt. Ich fragte meine Freundin, eine Highschool-Lehrerin f\u00fcr Naturwissenschaften, wie wir den Feuchtigkeitsgehalt herausfinden k\u00f6nnten. Sie sagte mir, ich solle es wie die LoveBites trocknen, also mit genau 100 Gramm beginnen, und es dann nach dem Trocknen wiegen. Was auch immer der Unterschied war, war das Wasser, das entfernt worden war. Als wir es zum ersten Mal zubereiteten, waren Sassy und Lola hin und weg! Das Aroma war so konzentriert, dass es sie verr\u00fcckt gemacht hat. Das in Vancouver ans\u00e4ssige Unternehmen Amor\u00e9 Pet Foods verwendet nur hochwertige Zutaten und f\u00fchrt Qualit\u00e4tskontrollen durch, um ein sicheres, hochwertiges und nahrhaftes Produkt zu gew\u00e4hrleisten. Alle Zutaten sind von menschlicher Qualit\u00e4t.  Das Fleisch wird im Ganzen gekauft und in unserem Betrieb gemahlen; wir wollen den Fettgehalt sehen und gegebenenfalls anpassen.  Das Gem\u00fcse wird w\u00f6chentlich frisch geliefert.  Wir verwenden keine Zusatzstoffe, Konservierungsmittel, Farbstoffe oder synthetische Zutaten.  Nur Fleisch, Gem\u00fcse, natives Oliven\u00f6l extra und Seetang. Die Qualit\u00e4t geht rein, bevor unser Herz rausgeht! Trocken oder rehydriert f\u00fcttern. Zum Rehydrieren geben Sie gleiche Mengen MEGA Morsels\u00ae und kaltes Wasser in eine saubere Schale. Umr\u00fchren und 15 Minuten warten, bis das Futter vollst\u00e4ndig rehydriert ist.<\/p>","protected":false},"excerpt":{"rendered":"<p>F\u00fcttern Sie trocken oder rehydriert. (Wir empfehlen rehydriert, da Katzen nicht genug Wasser trinken!) Zum Rehydrieren geben Sie gleiche Mengen MEGA Morsels\u00ae und kaltes Wasser in eine saubere Schale. Umr\u00fchren und 15 Minuten warten, bis das Futter vollst\u00e4ndig rehydriert ist.<\/p>","protected":false},"featured_media":56885,"comment_status":"open","ping_status":"closed","template":"","meta":{"_et_pb_use_builder":"off","_et_pb_old_content":"The birth of MEGA morsels\u00ae - One of our competitor products had a very strange % on their product for moisture content. I asked my friend, a high school science teacher, how we could figure out the moisture content. She told me to dry it like we did the LoveBites, starting with exactly 100 grams, then weigh it when dried. Whatever the difference was the water that had been removed. The first time we made it Sassy and Lola went nuts! The aroma was so concentrated, it was driving them crazy.\r\n\r\nVancouver-based Amor\u00e9 Pet Foods uses only quality ingredients and manufacturing quality controls to ensure a safe, high-quality nutritious product.\r\n\r\nAll ingredients are human-grade.\u00a0 The meats are bought whole and ground in our facility; we want to see the fat content and adjust as necessary.\u00a0 Vegetables are delivered fresh weekly.\u00a0 We don't use any additives, preservatives, coloring, or synthetic ingredients.\u00a0 Only meat, vegetables, extra virgin olive oil, and kelp.\r\n\r\nThe quality goes in before our heart goes out!\r\n\r\nFeed dry or rehydrated. To rehydrate, add equal amounts of MEGA Morsels\u00ae and cold water to a clean dish. Stir and allow 15 minutes for full rehydration.","_et_gb_content_width":"","wds_primary_product_brand":0,"wds_primary_product_cat":17},"product_brand":[],"product_cat":[16,17],"product_tag":[110,111,101,19,68,27,89,87,100,94,91,112,67,113,98,95,96,114],"class_list":{"0":"post-287","1":"product","2":"type-product","3":"status-publish","4":"has-post-thumbnail","6":"product_cat-mega-morsels","7":"product_cat-cat-mega-morsels","8":"product_tag-all-human-grade","9":"product_tag-all-natural","10":"product_tag-canadian-ingredients","11":"product_tag-cat-food","12":"product_tag-cool-air","13":"product_tag-dehydrated-raw-cat-food","14":"product_tag-food-topper","15":"product_tag-limited-ingredients","16":"product_tag-made-in-canada","17":"product_tag-maximum-nutrition","18":"product_tag-meal-topper","19":"product_tag-no-additives-or-preservatives-or-coloring-or-synthetic-ingredients","20":"product_tag-no-heat","21":"product_tag-no-meat-meals","22":"product_tag-real-meat","23":"product_tag-real-rabbit","24":"product_tag-real-salmon","25":"product_tag-two-proteins","26":"product_shipping_class-standard-shipping","28":"first","29":"instock","30":"taxable","31":"shipping-taxable","32":"purchasable","33":"product-type-variable","34":"has-default-attributes"},"_links":{"self":[{"href":"https:\/\/amorepetfoods.com\/de\/wp-json\/wp\/v2\/product\/287","targetHints":{"allow":["GET"]}}],"collection":[{"href":"https:\/\/amorepetfoods.com\/de\/wp-json\/wp\/v2\/product"}],"about":[{"href":"https:\/\/amorepetfoods.com\/de\/wp-json\/wp\/v2\/types\/product"}],"replies":[{"embeddable":true,"href":"https:\/\/amorepetfoods.com\/de\/wp-json\/wp\/v2\/comments?post=287"}],"wp:featuredmedia":[{"embeddable":true,"href":"https:\/\/amorepetfoods.com\/de\/wp-json\/wp\/v2\/media\/56885"}],"wp:attachment":[{"href":"https:\/\/amorepetfoods.com\/de\/wp-json\/wp\/v2\/media?parent=287"}],"wp:term":[{"taxonomy":"product_brand","embeddable":true,"href":"https:\/\/amorepetfoods.com\/de\/wp-json\/wp\/v2\/product_brand?post=287"},{"taxonomy":"product_cat","embeddable":true,"href":"https:\/\/amorepetfoods.com\/de\/wp-json\/wp\/v2\/product_cat?post=287"},{"taxonomy":"product_tag","embeddable":true,"href":"https:\/\/amorepetfoods.com\/de\/wp-json\/wp\/v2\/product_tag?post=287"}],"curies":[{"name":"wp","href":"https:\/\/api.w.org\/{rel}","templated":true}]}}