{"id":56908,"date":"2021-07-05T13:36:18","date_gmt":"2021-07-05T20:36:18","guid":{"rendered":"https:\/\/amorepetfoods.com\/?post_type=product&#038;p=56908"},"modified":"2023-06-01T11:57:30","modified_gmt":"2023-06-01T18:57:30","slug":"mega-squares-doppelte-buffelleber","status":"publish","type":"product","link":"https:\/\/amorepetfoods.com\/de\/shop\/treats\/mega-squares-double-buffalo-liver\/","title":{"rendered":"MEGA Quadrate - Doppelte B\u00fcffelleber"},"content":{"rendered":"<p>Das in Vancouver ans\u00e4ssige Unternehmen Amor\u00e9 Pet Foods verwendet ausschlie\u00dflich hochwertige Zutaten und f\u00fchrt Qualit\u00e4tskontrollen durch, um ein sicheres, hochwertiges und nahrhaftes Produkt zu gew\u00e4hrleisten. Alle Zutaten sind von menschlicher Qualit\u00e4t.  Das Fleisch wird im Ganzen gekauft und in unserem Betrieb gemahlen; wir wollen den Fettgehalt sehen und passen ihn gegebenenfalls an.  Das Gem\u00fcse wird w\u00f6chentlich frisch geliefert.  Wir verwenden keine Zusatzstoffe, Konservierungsmittel, Farbstoffe oder synthetische Zutaten.  Nur Fleisch, Gem\u00fcse, natives Oliven\u00f6l extra und Seetang. Die Qualit\u00e4t geht rein, bevor unser Herz rausgeht!<\/p>","protected":false},"excerpt":{"rendered":"<div>Wir beginnen mit ganzen Haferflocken und mahlen sie selbst.  Dann f\u00fcgen wir frische Leber, Eier, Br\u00fche und LoveBite-St\u00fcckchen hinzu und mischen!  Wir backen sie, bis sie sch\u00f6n knusprig sind.  Jedes Quadrat ist vollgepackt mit N\u00e4hrstoffen, ohne F\u00fcllstoffe, Zusatzstoffe, Konservierungsmittel oder synthetische Zutaten.  Hergestellt ohne Weizen, Mais oder Soja!<\/div>\n<div><\/div>\n<div>Erh\u00e4ltlich mit Rindfleisch, B\u00fcffel und Huhn.<\/div>","protected":false},"featured_media":56901,"comment_status":"open","ping_status":"closed","template":"","meta":{"_et_pb_use_builder":"off","_et_pb_old_content":"Vancouver-based Amor\u00e9 Pet Foods uses only quality ingredients and manufacturing quality controls to ensure a safe, high-quality nutritious product.\r\n\r\nAll ingredients are human-grade.\u00a0 The meats are bought whole and ground in our facility; we want to see the fat content and adjust as necessary.\u00a0 Vegetables are delivered fresh weekly.\u00a0 We don't use any additives, preservatives, coloring, or synthetic ingredients.\u00a0 Only meat, vegetables, extra virgin olive oil, and kelp.\r\n\r\nThe quality goes in before our heart goes out!","_et_gb_content_width":"","wds_primary_product_brand":0,"wds_primary_product_cat":49},"product_brand":[],"product_cat":[49],"product_tag":[110,111,101,115,68,116,76,77,87,81,100,94,112,67,113,131,98,86],"class_list":{"0":"post-56908","1":"product","2":"type-product","3":"status-publish","4":"has-post-thumbnail","6":"product_cat-treats","7":"product_tag-all-human-grade","8":"product_tag-all-natural","9":"product_tag-canadian-ingredients","10":"product_tag-cat-treats","11":"product_tag-cool-air","12":"product_tag-dehydrated-raw-cat-treats","13":"product_tag-dehydrated-raw-dog-treats","14":"product_tag-dog-treats","15":"product_tag-limited-ingredients","16":"product_tag-liver","17":"product_tag-made-in-canada","18":"product_tag-maximum-nutrition","19":"product_tag-no-additives-or-preservatives-or-coloring-or-synthetic-ingredients","20":"product_tag-no-heat","21":"product_tag-no-meat-meals","22":"product_tag-real-buffalo","23":"product_tag-real-meat","24":"product_tag-single-protein","25":"product_shipping_class-standard-shipping","27":"first","28":"instock","29":"taxable","30":"shipping-taxable","31":"purchasable","32":"product-type-simple"},"_links":{"self":[{"href":"https:\/\/amorepetfoods.com\/de\/wp-json\/wp\/v2\/product\/56908","targetHints":{"allow":["GET"]}}],"collection":[{"href":"https:\/\/amorepetfoods.com\/de\/wp-json\/wp\/v2\/product"}],"about":[{"href":"https:\/\/amorepetfoods.com\/de\/wp-json\/wp\/v2\/types\/product"}],"replies":[{"embeddable":true,"href":"https:\/\/amorepetfoods.com\/de\/wp-json\/wp\/v2\/comments?post=56908"}],"wp:featuredmedia":[{"embeddable":true,"href":"https:\/\/amorepetfoods.com\/de\/wp-json\/wp\/v2\/media\/56901"}],"wp:attachment":[{"href":"https:\/\/amorepetfoods.com\/de\/wp-json\/wp\/v2\/media?parent=56908"}],"wp:term":[{"taxonomy":"product_brand","embeddable":true,"href":"https:\/\/amorepetfoods.com\/de\/wp-json\/wp\/v2\/product_brand?post=56908"},{"taxonomy":"product_cat","embeddable":true,"href":"https:\/\/amorepetfoods.com\/de\/wp-json\/wp\/v2\/product_cat?post=56908"},{"taxonomy":"product_tag","embeddable":true,"href":"https:\/\/amorepetfoods.com\/de\/wp-json\/wp\/v2\/product_tag?post=56908"}],"curies":[{"name":"wp","href":"https:\/\/api.w.org\/{rel}","templated":true}]}}