{"id":56917,"date":"2021-07-05T13:51:21","date_gmt":"2021-07-05T20:51:21","guid":{"rendered":"https:\/\/amorepetfoods.com\/?post_type=product&#038;p=56917"},"modified":"2022-10-14T13:42:59","modified_gmt":"2022-10-14T20:42:59","slug":"masgeschneiderte-mischung-von-megahappchen","status":"publish","type":"product","link":"https:\/\/amorepetfoods.com\/de\/shop\/mega-morsels\/custom-blend-of-mega-morsels\/","title":{"rendered":"Ma\u00dfgeschneiderte Mischung von MEGA morsels\u2122"},"content":{"rendered":"<p>[et_pb_section fb_built=&#8221;1&#8243; _builder_version=&#8221;3.22&#8243; custom_padding=&#8221;0px||||false|false&#8221;][et_pb_row _builder_version=&#8221;3.25&#8243; background_size=&#8221;initial&#8221; background_position=&#8221;top_left&#8221; background_repeat=&#8221;repeat&#8221; width=&#8221;100%&#8221; custom_padding=&#8221;0px||0px||false|false&#8221;][et_pb_column type=&#8221;4_4&#8243; _builder_version=&#8221;3.25&#8243; custom_padding=&#8221;|||&#8221; custom_padding__hover=&#8221;|||&#8221;][et_pb_wc_breadcrumb _builder_version=&#8221;3.0.47&#8243;][\/et_pb_wc_breadcrumb][et_pb_wc_cart_notice _builder_version=&#8221;3.0.47&#8243;][\/et_pb_wc_cart_notice][\/et_pb_column][\/et_pb_row][et_pb_row column_structure=&#8221;1_2,1_2&#8243; _builder_version=&#8221;3.25&#8243; background_size=&#8221;initial&#8221; background_position=&#8221;top_left&#8221; background_repeat=&#8221;repeat&#8221; width=&#8221;100%&#8221; custom_padding=&#8221;0px||||false|false&#8221;][et_pb_column type=&#8221;1_2&#8243; _builder_version=&#8221;3.25&#8243; custom_padding=&#8221;|||&#8221; custom_padding__hover=&#8221;|||&#8221;][et_pb_wc_images _builder_version=&#8221;3.0.47&#8243;][\/et_pb_wc_images][\/et_pb_column][et_pb_column type=&#8221;1_2&#8243; _builder_version=&#8221;3.25&#8243; custom_padding=&#8221;|||&#8221; custom_padding__hover=&#8221;|||&#8221;][et_pb_wc_title _builder_version=&#8221;4.9.7&#8243; header_text_color=&#8221;#ad0000&#8243;][\/et_pb_wc_title][et_pb_wc_rating _builder_version=&#8221;3.0.47&#8243;][\/et_pb_wc_rating][et_pb_wc_price _builder_version=&#8221;3.0.47&#8243;][\/et_pb_wc_price][et_pb_wc_description _builder_version=&#8221;3.0.47&#8243;][\/et_pb_wc_description][et_pb_wc_add_to_cart _builder_version=&#8221;3.0.47&#8243;][\/et_pb_wc_add_to_cart][et_pb_wc_meta _builder_version=&#8221;3.0.47&#8243;][\/et_pb_wc_meta][\/et_pb_column][\/et_pb_row][et_pb_row _builder_version=&#8221;3.25&#8243; background_size=&#8221;initial&#8221; background_position=&#8221;top_left&#8221; background_repeat=&#8221;repeat&#8221; width=&#8221;100%&#8221;][et_pb_column type=&#8221;4_4&#8243; _builder_version=&#8221;3.25&#8243; custom_padding=&#8221;|||&#8221; custom_padding__hover=&#8221;|||&#8221;][et_pb_wc_tabs active_tab_text_color=&#8221;#AD0000&#8243; _builder_version=&#8221;4.9.7&#8243;]\t\t\t\t\t[\/et_pb_wc_tabs][et_pb_wc_upsells _builder_version=&#8221;3.0.47&#8243;][\/et_pb_wc_upsells][et_pb_wc_related_products posts_number=&#8221;5&#8243; columns_number=&#8221;5&#8243; _builder_version=&#8221;4.9.7&#8243; title_text_color=&#8221;#AD0000&#8243;][\/et_pb_wc_related_products][\/et_pb_column][\/et_pb_row][\/et_pb_section]<\/p>\n","protected":false},"excerpt":{"rendered":"<p>Mindestbestellmenge:\u00a0<strong>200 Pfund Gefrorenes\u00a0<\/strong>OR\u00a0<strong>50 Pfund luftgetrocknete\u00a0<\/strong><\/p>\n<p>Stellen Sie eine individuelle Mischung aus MEGA morsels\u2122 f\u00fcr Ihr Tierchen zusammen! W\u00e4hlen Sie aus, welche Arten von Proteinen, Gem\u00fcse und\/oder K\u00f6rnern Sie w\u00fcnschen. Bitte beachten Sie, dass Sie f\u00fcr die Ern\u00e4hrung verantwortlich sind! Die Mitarbeiter von Amor\u00e9 beraten Sie bei Bedarf.<\/p>\n<p><strong>Gefrorene Bestellungen m\u00fcssen in der Filiale abgeholt werden oder der Kunde muss den Versand selbst organisieren.<\/strong><\/p>\n<h5><strong>Nachdem Sie das Produkt in den Warenkorb gelegt haben, k\u00f6nnen Sie eine ausf\u00fcllbare PDF-Datei herunterladen. Sobald Sie es ausgef\u00fcllt haben, senden Sie eine E-Mail an barbara@amorepetfoods.com. Wir werden Ihnen innerhalb von 2 Werktagen antworten!\u00a0<\/strong><\/h5>","protected":false},"featured_media":56697,"comment_status":"closed","ping_status":"closed","template":"","meta":{"_et_pb_use_builder":"on","_et_pb_old_content":"After checkout with product in cart, you will be able to download a fillable PDF. Once filled out, email to barbara@amorepetfoods.com\u00a0 We will reply to you within 2 business days!","_et_gb_content_width":"","wds_primary_product_brand":0,"wds_primary_product_cat":16},"product_brand":[],"product_cat":[16],"product_tag":[110,111,101,68,89,87,100,94,91,112,67,113,98],"class_list":{"0":"post-56917","1":"product","2":"type-product","3":"status-publish","4":"has-post-thumbnail","6":"product_cat-mega-morsels","7":"product_tag-all-human-grade","8":"product_tag-all-natural","9":"product_tag-canadian-ingredients","10":"product_tag-cool-air","11":"product_tag-food-topper","12":"product_tag-limited-ingredients","13":"product_tag-made-in-canada","14":"product_tag-maximum-nutrition","15":"product_tag-meal-topper","16":"product_tag-no-additives-or-preservatives-or-coloring-or-synthetic-ingredients","17":"product_tag-no-heat","18":"product_tag-no-meat-meals","19":"product_tag-real-meat","21":"first","22":"instock","23":"downloadable","24":"sold-individually","25":"taxable","26":"shipping-taxable","27":"purchasable","28":"product-type-simple"},"_links":{"self":[{"href":"https:\/\/amorepetfoods.com\/de\/wp-json\/wp\/v2\/product\/56917","targetHints":{"allow":["GET"]}}],"collection":[{"href":"https:\/\/amorepetfoods.com\/de\/wp-json\/wp\/v2\/product"}],"about":[{"href":"https:\/\/amorepetfoods.com\/de\/wp-json\/wp\/v2\/types\/product"}],"replies":[{"embeddable":true,"href":"https:\/\/amorepetfoods.com\/de\/wp-json\/wp\/v2\/comments?post=56917"}],"wp:featuredmedia":[{"embeddable":true,"href":"https:\/\/amorepetfoods.com\/de\/wp-json\/wp\/v2\/media\/56697"}],"wp:attachment":[{"href":"https:\/\/amorepetfoods.com\/de\/wp-json\/wp\/v2\/media?parent=56917"}],"wp:term":[{"taxonomy":"product_brand","embeddable":true,"href":"https:\/\/amorepetfoods.com\/de\/wp-json\/wp\/v2\/product_brand?post=56917"},{"taxonomy":"product_cat","embeddable":true,"href":"https:\/\/amorepetfoods.com\/de\/wp-json\/wp\/v2\/product_cat?post=56917"},{"taxonomy":"product_tag","embeddable":true,"href":"https:\/\/amorepetfoods.com\/de\/wp-json\/wp\/v2\/product_tag?post=56917"}],"curies":[{"name":"wp","href":"https:\/\/api.w.org\/{rel}","templated":true}]}}