{"id":57070,"date":"2021-07-05T17:01:58","date_gmt":"2021-07-06T00:01:58","guid":{"rendered":"https:\/\/amorepetfoods.com\/?post_type=product&#038;p=57070"},"modified":"2023-06-02T16:06:08","modified_gmt":"2023-06-02T23:06:08","slug":"liebe-beist-buffel","status":"publish","type":"product","link":"https:\/\/amorepetfoods.com\/de\/shop\/treats\/love-bites\/love-bites-buffalo\/","title":{"rendered":"Liebesbisse - B\u00fcffel"},"content":{"rendered":"<p>Die Geburt von LoveBites - Wir versuchten, einen rohen, haltbaren Leckerbissen mit begrenzten Zutaten zu entwickeln. Reines Rindfleisch war ein No-Go, da es sich beim Trocknen in ein Pulver verwandelte. Wir wollten nicht, dass unsere Kunden eine Lebertasche haben. Wir begannen zu experimentieren, indem wir der Leber andere Dinge hinzuf\u00fcgten, um die Textur zu ver\u00e4ndern. Als wir der Leber Herz und Zunge beif\u00fcgten, war die Konsistenz genau so, wie wir sie wollten. Das in Vancouver ans\u00e4ssige Unternehmen Amor\u00e9 Pet Foods verwendet nur hochwertige Zutaten und f\u00fchrt Qualit\u00e4tskontrollen durch, um ein sicheres, hochwertiges und nahrhaftes Produkt zu gew\u00e4hrleisten. Alle Zutaten sind von menschlicher Qualit\u00e4t.  Das Fleisch wird im Ganzen gekauft und in unserem Betrieb gemahlen; wir wollen den Fettgehalt sehen und bei Bedarf anpassen.  Das Gem\u00fcse wird w\u00f6chentlich frisch geliefert.  Wir verwenden keine Zusatzstoffe, Konservierungsmittel, Farbstoffe oder synthetische Zutaten.  Nur Fleisch, Gem\u00fcse, natives Oliven\u00f6l extra und Seetang. Die Qualit\u00e4t geht rein, bevor unser Herz rausgeht!<\/p>","protected":false},"excerpt":{"rendered":"<p>Jede T\u00fcte ist mehr als nur ein Leckerbissen, sie wird von unseren Spezialisten mit Liebe hergestellt. Vom Einkauf des Gem\u00fcses und des Fleisches bis zum Zerkleinern des Fleisches - wir machen alles selbst. Wir garantieren Frische in jeder T\u00fcte mit Zufriedenheitsgarantie!<\/p>","protected":false},"featured_media":56918,"comment_status":"open","ping_status":"closed","template":"","meta":{"_et_pb_use_builder":"off","_et_pb_old_content":"The birth of LoveBites \u2013 We were trying to come up with a raw, shelf-stable treat, using limited ingredients. Pure beef was a no-go as it went into a powder when you dried in. We didn\u2019t want our customers to have liver pocket. We began experimenting by adding other things to the liver to change the texture. When we added heart & tongue to the liver, the texture came out exactly the way we wanted.\r\n\r\nVancouver-based Amor\u00e9 Pet Foods uses only quality ingredients and manufacturing quality controls to ensure a safe, high-quality nutritious product.\r\n\r\nAll ingredients are human-grade.\u00a0 The meats are bought whole and ground in our facility; we want to see the fat content and adjust as necessary.\u00a0 Vegetables are delivered fresh weekly.\u00a0 We don't use any additives, preservatives, coloring, or synthetic ingredients.\u00a0 Only meat, vegetables, extra virgin olive oil, and kelp.\r\n\r\nThe quality goes in before our heart goes out!","_et_gb_content_width":"","wds_primary_product_brand":0,"wds_primary_product_cat":51},"product_brand":[],"product_cat":[51,49],"product_tag":[110,111,101,115,68,116,76,77,82,87,81,100,94,112,67,113,131,98,86,83],"class_list":{"0":"post-57070","1":"product","2":"type-product","3":"status-publish","4":"has-post-thumbnail","6":"product_cat-love-bites","7":"product_cat-treats","8":"product_tag-all-human-grade","9":"product_tag-all-natural","10":"product_tag-canadian-ingredients","11":"product_tag-cat-treats","12":"product_tag-cool-air","13":"product_tag-dehydrated-raw-cat-treats","14":"product_tag-dehydrated-raw-dog-treats","15":"product_tag-dog-treats","16":"product_tag-heart","17":"product_tag-limited-ingredients","18":"product_tag-liver","19":"product_tag-made-in-canada","20":"product_tag-maximum-nutrition","21":"product_tag-no-additives-or-preservatives-or-coloring-or-synthetic-ingredients","22":"product_tag-no-heat","23":"product_tag-no-meat-meals","24":"product_tag-real-buffalo","25":"product_tag-real-meat","26":"product_tag-single-protein","27":"product_tag-tongue","29":"first","30":"instock","31":"taxable","32":"shipping-taxable","33":"purchasable","34":"product-type-variable","35":"has-default-attributes"},"_links":{"self":[{"href":"https:\/\/amorepetfoods.com\/de\/wp-json\/wp\/v2\/product\/57070","targetHints":{"allow":["GET"]}}],"collection":[{"href":"https:\/\/amorepetfoods.com\/de\/wp-json\/wp\/v2\/product"}],"about":[{"href":"https:\/\/amorepetfoods.com\/de\/wp-json\/wp\/v2\/types\/product"}],"replies":[{"embeddable":true,"href":"https:\/\/amorepetfoods.com\/de\/wp-json\/wp\/v2\/comments?post=57070"}],"wp:featuredmedia":[{"embeddable":true,"href":"https:\/\/amorepetfoods.com\/de\/wp-json\/wp\/v2\/media\/56918"}],"wp:attachment":[{"href":"https:\/\/amorepetfoods.com\/de\/wp-json\/wp\/v2\/media?parent=57070"}],"wp:term":[{"taxonomy":"product_brand","embeddable":true,"href":"https:\/\/amorepetfoods.com\/de\/wp-json\/wp\/v2\/product_brand?post=57070"},{"taxonomy":"product_cat","embeddable":true,"href":"https:\/\/amorepetfoods.com\/de\/wp-json\/wp\/v2\/product_cat?post=57070"},{"taxonomy":"product_tag","embeddable":true,"href":"https:\/\/amorepetfoods.com\/de\/wp-json\/wp\/v2\/product_tag?post=57070"}],"curies":[{"name":"wp","href":"https:\/\/api.w.org\/{rel}","templated":true}]}}