{"id":65188,"date":"2025-03-13T17:51:07","date_gmt":"2025-03-14T00:51:07","guid":{"rendered":"https:\/\/amorepetfoods.com\/?post_type=product&#038;p=65188"},"modified":"2025-03-13T17:51:08","modified_gmt":"2025-03-14T00:51:08","slug":"mega-morsels-veggie-mix-fur-hunde","status":"publish","type":"product","link":"https:\/\/amorepetfoods.com\/de\/shop\/mega-morsels\/dog-mega-morsels\/mega-morsels-veggie-blend-for-dogs\/","title":{"rendered":"Mega Morsels Veggie Blend f\u00fcr Hunde"},"content":{"rendered":"<p>Die Geburt von MEGA morsels\u00ae - Eines unserer Konkurrenzprodukte hatte eine sehr merkw\u00fcrdige %-Angabe f\u00fcr den Feuchtigkeitsgehalt auf seinem Produkt. Ich fragte meine Freundin, eine Highschool-Lehrerin f\u00fcr Naturwissenschaften, wie wir den Feuchtigkeitsgehalt herausfinden k\u00f6nnten. Sie sagte mir, ich solle es wie die LoveBites trocknen, also mit genau 100 Gramm beginnen, und es dann nach dem Trocknen wiegen. Was auch immer der Unterschied war, war das Wasser, das entfernt worden war. Als wir es zum ersten Mal zubereiteten, waren Sassy und Lola hin und weg! Das Aroma war so konzentriert, dass es sie verr\u00fcckt gemacht hat. Das in Vancouver ans\u00e4ssige Unternehmen Amor\u00e9 Pet Foods verwendet nur hochwertige Zutaten und f\u00fchrt Qualit\u00e4tskontrollen durch, um ein sicheres, hochwertiges und nahrhaftes Produkt zu gew\u00e4hrleisten. Alle Zutaten sind von menschlicher Qualit\u00e4t.  Das Fleisch wird im Ganzen gekauft und in unserem Betrieb gemahlen; wir wollen den Fettgehalt sehen und gegebenenfalls anpassen.  Das Gem\u00fcse wird w\u00f6chentlich frisch geliefert.  Wir verwenden keine Zusatzstoffe, Konservierungsmittel, Farbstoffe oder synthetische Zutaten.  Nur Fleisch, Gem\u00fcse, natives Oliven\u00f6l extra und Seetang. Die Qualit\u00e4t geht rein, bevor unser Herz rausgeht! Trocken oder rehydriert f\u00fcttern. Zum Rehydrieren geben Sie gleiche Mengen MEGA Morsels\u00ae und kaltes Wasser in eine saubere Schale. Umr\u00fchren und 15 Minuten warten, bis das Futter vollst\u00e4ndig rehydriert ist.<\/p>\n<p>Zutaten:  Karotten, Brokkoli, S\u00fc\u00dfkartoffeln, Butternussk\u00fcrbis, Chinakohl (pak-choi) roh, Spinat, Gr\u00fcnkohl, Pastinaken, Seetang roh, Oliven\u00f6l, Knoblauch und Petersilie.<\/p>","protected":false},"excerpt":{"rendered":"<p>Trocken oder rehydriert f\u00fcttern. Zum Rehydrieren geben Sie gleiche Mengen MEGA Morsels\u00ae und kaltes Wasser in eine saubere Schale. Umr\u00fchren und 15 Minuten f\u00fcr eine vollst\u00e4ndige Rehydrierung warten.<\/p>","protected":false},"featured_media":65182,"comment_status":"open","ping_status":"closed","template":"","meta":{"_et_pb_use_builder":"","_et_pb_old_content":"","_et_gb_content_width":"","wds_primary_product_brand":0,"wds_primary_product_cat":0},"product_brand":[],"product_cat":[16,52],"product_tag":[110,111,101,68,26,87],"class_list":{"0":"post-65188","1":"product","2":"type-product","3":"status-publish","4":"has-post-thumbnail","6":"product_cat-mega-morsels","7":"product_cat-dog-mega-morsels","8":"product_tag-all-human-grade","9":"product_tag-all-natural","10":"product_tag-canadian-ingredients","11":"product_tag-cool-air","12":"product_tag-dehydrated-raw-dog-food","13":"product_tag-limited-ingredients","14":"product_shipping_class-standard-shipping","16":"first","17":"instock","18":"taxable","19":"shipping-taxable","20":"purchasable","21":"product-type-variable","22":"has-default-attributes"},"_links":{"self":[{"href":"https:\/\/amorepetfoods.com\/de\/wp-json\/wp\/v2\/product\/65188","targetHints":{"allow":["GET"]}}],"collection":[{"href":"https:\/\/amorepetfoods.com\/de\/wp-json\/wp\/v2\/product"}],"about":[{"href":"https:\/\/amorepetfoods.com\/de\/wp-json\/wp\/v2\/types\/product"}],"replies":[{"embeddable":true,"href":"https:\/\/amorepetfoods.com\/de\/wp-json\/wp\/v2\/comments?post=65188"}],"wp:featuredmedia":[{"embeddable":true,"href":"https:\/\/amorepetfoods.com\/de\/wp-json\/wp\/v2\/media\/65182"}],"wp:attachment":[{"href":"https:\/\/amorepetfoods.com\/de\/wp-json\/wp\/v2\/media?parent=65188"}],"wp:term":[{"taxonomy":"product_brand","embeddable":true,"href":"https:\/\/amorepetfoods.com\/de\/wp-json\/wp\/v2\/product_brand?post=65188"},{"taxonomy":"product_cat","embeddable":true,"href":"https:\/\/amorepetfoods.com\/de\/wp-json\/wp\/v2\/product_cat?post=65188"},{"taxonomy":"product_tag","embeddable":true,"href":"https:\/\/amorepetfoods.com\/de\/wp-json\/wp\/v2\/product_tag?post=65188"}],"curies":[{"name":"wp","href":"https:\/\/api.w.org\/{rel}","templated":true}]}}