{"id":65204,"date":"2025-04-15T12:05:49","date_gmt":"2025-04-15T19:05:49","guid":{"rendered":"https:\/\/amorepetfoods.com\/?post_type=product&#038;p=65204"},"modified":"2025-04-15T13:15:42","modified_gmt":"2025-04-15T20:15:42","slug":"probegrose-fur-hunde","status":"publish","type":"product","link":"https:\/\/amorepetfoods.com\/de\/shop\/mega-morsels\/dog-mega-morsels\/trial-size-for-dogs\/","title":{"rendered":"Probiergr\u00f6\u00dfe f\u00fcr Hunde"},"content":{"rendered":"<p><span style=\"font-size: 10.5pt; font-family: 'Open Sans',sans-serif; color: #666666;\">M\u00f6chte Ihr Furkid Amor\u00e9 probieren?  Wir wissen, dass Ihr Hund es lieben wird und dass es gut f\u00fcr die Verdauung, die Gesundheit und die Zufriedenheit ist.  Wir wissen auch, dass Sie den Unterschied schon beim ersten Haufen sehen werden!<\/p>\n<p>W\u00e4hlen Sie ein einzelnes Protein oder drei aus.  Teilen Sie uns in den Anmerkungen mit, welche drei Proteine Sie probieren m\u00f6chten, und wir werden sie sofort verschicken.  Sie m\u00f6chten kein Futter?  Sie k\u00f6nnen stattdessen Leckerlis ausw\u00e4hlen!<\/span><\/p>\n<p>Vergessen Sie nicht, Ihre Auswahl an der Kasse einzutragen!<\/p>","protected":false},"excerpt":{"rendered":"<p>Does your Furkid want to try Amor\u00e9?\u00a0 We know your dog will love it and it\u2019ll be great for digestion, health, and happiness.\u00a0 We also know you&#8217;ll see the difference in the first poop! Select a single protein or choose three.\u00a0 Make sure to tell us in the notes, which one or three proteins you&#8217;d [&hellip;]<\/p>\n","protected":false},"featured_media":65069,"comment_status":"closed","ping_status":"closed","template":"","meta":{"_et_pb_use_builder":"","_et_pb_old_content":"","_et_gb_content_width":"","wds_primary_product_brand":0,"wds_primary_product_cat":0},"product_brand":[],"product_cat":[16,52],"product_tag":[],"class_list":{"0":"post-65204","1":"product","2":"type-product","3":"status-publish","4":"has-post-thumbnail","6":"product_cat-mega-morsels","7":"product_cat-dog-mega-morsels","9":"first","10":"instock","11":"featured","12":"taxable","13":"shipping-taxable","14":"purchasable","15":"product-type-variable","16":"has-default-attributes"},"_links":{"self":[{"href":"https:\/\/amorepetfoods.com\/de\/wp-json\/wp\/v2\/product\/65204","targetHints":{"allow":["GET"]}}],"collection":[{"href":"https:\/\/amorepetfoods.com\/de\/wp-json\/wp\/v2\/product"}],"about":[{"href":"https:\/\/amorepetfoods.com\/de\/wp-json\/wp\/v2\/types\/product"}],"replies":[{"embeddable":true,"href":"https:\/\/amorepetfoods.com\/de\/wp-json\/wp\/v2\/comments?post=65204"}],"wp:featuredmedia":[{"embeddable":true,"href":"https:\/\/amorepetfoods.com\/de\/wp-json\/wp\/v2\/media\/65069"}],"wp:attachment":[{"href":"https:\/\/amorepetfoods.com\/de\/wp-json\/wp\/v2\/media?parent=65204"}],"wp:term":[{"taxonomy":"product_brand","embeddable":true,"href":"https:\/\/amorepetfoods.com\/de\/wp-json\/wp\/v2\/product_brand?post=65204"},{"taxonomy":"product_cat","embeddable":true,"href":"https:\/\/amorepetfoods.com\/de\/wp-json\/wp\/v2\/product_cat?post=65204"},{"taxonomy":"product_tag","embeddable":true,"href":"https:\/\/amorepetfoods.com\/de\/wp-json\/wp\/v2\/product_tag?post=65204"}],"curies":[{"name":"wp","href":"https:\/\/api.w.org\/{rel}","templated":true}]}}