{"id":56767,"date":"2021-07-05T11:31:10","date_gmt":"2021-07-05T18:31:10","guid":{"rendered":"https:\/\/amorepetfoods.com\/?page_id=56767"},"modified":"2021-07-06T14:21:36","modified_gmt":"2021-07-06T21:21:36","slug":"solo-en-tienda","status":"publish","type":"page","link":"https:\/\/amorepetfoods.com\/es\/in-store-only\/","title":{"rendered":"S\u00f3lo en tienda"},"content":{"rendered":"<p>[et_pb_section fb_built=&#8221;1&#8243; _builder_version=&#8221;4.9.3&#8243; background_image=&#8221;https:\/\/amorepetfoods.com\/wp-content\/uploads\/2021\/07\/pexels-snapwire-46024-scaled-1.jpg&#8221; saved_tabs=&#8221;all&#8221;][et_pb_row use_custom_gutter=&#8221;on&#8221; gutter_width=&#8221;1&#8243; module_class=&#8221; et_pb_row_fullwidth&#8221; _builder_version=&#8221;4.9.3&#8243; background_enable_color=&#8221;off&#8221; use_background_color_gradient=&#8221;on&#8221; background_color_gradient_start=&#8221;rgba(173,60,60,0.36)&#8221; background_color_gradient_end=&#8221;rgba(173,69,69,0)&#8221; width=&#8221;100%&#8221; width_tablet=&#8221;100%&#8221; width_phone=&#8221;&#8221; width_last_edited=&#8221;on|desktop&#8221; max_width=&#8221;100%&#8221; max_width_tablet=&#8221;100%&#8221; max_width_phone=&#8221;&#8221; max_width_last_edited=&#8221;on|desktop&#8221; custom_margin=&#8221;-100px||160px||false|false&#8221; make_fullwidth=&#8221;on&#8221;][et_pb_column type=&#8221;4_4&#8243; _builder_version=&#8221;3.25&#8243; custom_padding=&#8221;|||&#8221; custom_padding__hover=&#8221;|||&#8221;][et_pb_divider show_divider=&#8221;off&#8221; _builder_version=&#8221;4.9.3&#8243; _module_preset=&#8221;default&#8221; custom_margin=&#8221;||130px||false|false&#8221;][\/et_pb_divider][et_pb_text _builder_version=&#8221;4.9.3&#8243; _module_preset=&#8221;default&#8221; text_font=&#8221;Work Sans||||||||&#8221; header_font=&#8221;Work Sans|700|on||||||&#8221; header_text_align=&#8221;right&#8221; header_text_color=&#8221;#FFFFFF&#8221; header_font_size=&#8221;60px&#8221; custom_margin=&#8221;|130px|||false|false&#8221; custom_margin_tablet=&#8221;&#8221; custom_margin_phone=&#8221;-25px|40px|-88px||false|false&#8221; custom_margin_last_edited=&#8221;on|phone&#8221; animation_style=&#8221;slide&#8221; animation_direction=&#8221;right&#8221; animation_delay=&#8221;300ms&#8221; animation_intensity_slide=&#8221;10%&#8221; header_font_size_tablet=&#8221;&#8221; header_font_size_phone=&#8221;40px&#8221; header_font_size_last_edited=&#8221;on|phone&#8221;]<\/p>\n<h1>IN STORE ONLY<\/h1>\n<h1>SELECTION<\/h1>\n<div id=\"gtx-trans\" style=\"position: absolute; left: -46px; top: 133.875px;\">\n<div class=\"gtx-trans-icon\"><\/div>\n<\/div>\n<p>[\/et_pb_text][et_pb_divider show_divider=&#8221;off&#8221; admin_label=&#8221;Divider&#8221; _builder_version=&#8221;4.9.3&#8243; _module_preset=&#8221;default&#8221; custom_margin=&#8221;76px||-101px||false|false&#8221;][\/et_pb_divider][\/et_pb_column][\/et_pb_row][\/et_pb_section][et_pb_section fb_built=&#8221;1&#8243; _builder_version=&#8221;4.9.3&#8243; background_color=&#8221;#f9f9f9&#8243; min_height__hover_enabled=&#8221;off|desktop&#8221;][et_pb_row column_structure=&#8221;3_4,1_4&#8243; use_custom_gutter=&#8221;on&#8221; _builder_version=&#8221;4.9.3&#8243; _module_preset=&#8221;default&#8221; background_color=&#8221;#FFFFFF&#8221; width_tablet=&#8221;&#8221; width_phone=&#8221;100%&#8221; width_last_edited=&#8221;on|phone&#8221; custom_padding=&#8221;1px|||||&#8221; border_width_all=&#8221;1px&#8221; border_color_all=&#8221;#f2f2f2&#8243;][et_pb_column type=&#8221;3_4&#8243; _builder_version=&#8221;4.9.3&#8243; _module_preset=&#8221;default&#8221;][et_pb_text _builder_version=&#8221;4.9.3&#8243; _module_preset=&#8221;default&#8221; text_font=&#8221;Work Sans||||||||&#8221; text_letter_spacing=&#8221;-1px&#8221; header_text_color=&#8221;#ad0000&#8243; header_font_size=&#8221;43px&#8221; header_2_font=&#8221;Work Sans|600|||||||&#8221; background_enable_color=&#8221;off&#8221; width=&#8221;100%&#8221; min_height=&#8221;76px&#8221; custom_margin=&#8221;||2px||false|false&#8221; custom_padding=&#8221;40px||||false|false&#8221; header_font_size_tablet=&#8221;&#8221; header_font_size_phone=&#8221;35px&#8221; header_font_size_last_edited=&#8221;on|phone&#8221;]<\/p>\n<h1 style=\"text-align: center;\">In Store Only Items<\/h1>\n<p>[\/et_pb_text][et_pb_divider color=&#8221;#000000&#8243; divider_weight=&#8221;1px&#8221; _builder_version=&#8221;4.9.3&#8243; _module_preset=&#8221;default&#8221; width=&#8221;60%&#8221; module_alignment=&#8221;center&#8221;][\/et_pb_divider][et_pb_shop type=&#8221;product_category&#8221; posts_number=&#8221;20&#8243; show_pagination=&#8221;on&#8221; include_categories=&#8221;109&#8243; columns_number=&#8221;4&#8243; _builder_version=&#8221;4.9.7&#8243; _module_preset=&#8221;default&#8221; title_font=&#8221;|600|||||||&#8221; title_letter_spacing=&#8221;-1px&#8221; price_font=&#8221;||||||||&#8221; custom_padding=&#8221;0px|50px|30px|50px|false|true&#8221; hover_enabled=&#8221;0&#8243; sticky_enabled=&#8221;0&#8243;][\/et_pb_shop][\/et_pb_column][et_pb_column type=&#8221;1_4&#8243; _builder_version=&#8221;4.9.3&#8243; _module_preset=&#8221;default&#8221;][et_pb_image src=&#8221;https:\/\/amorepetfoods.com\/wp-content\/uploads\/2021\/07\/Artboard-2-1.png&#8221; title_text=&#8221;Artboard 2&#8243; url=&#8221;https:\/\/amorepetfoods.com\/product\/free-sample-mega-morsels-for-dogs-or-cats\/&#8221; _builder_version=&#8221;4.9.7&#8243; _module_preset=&#8221;default&#8221; background_color=&#8221;#FFFFFF&#8221; custom_margin=&#8221;20px|||-50px|false|false&#8221; custom_margin_tablet=&#8221;&#8221; custom_margin_phone=&#8221;-46px|||40px|false|false&#8221; custom_margin_last_edited=&#8221;on|phone&#8221; custom_padding=&#8221;|40px|||false|false&#8221;][\/et_pb_image][et_pb_sidebar _builder_version=&#8221;4.9.3&#8243; _module_preset=&#8221;default&#8221; custom_margin=&#8221;|||-30px|false|false&#8221; custom_margin_tablet=&#8221;&#8221; custom_margin_phone=&#8221;|||30px|false|false&#8221; custom_margin_last_edited=&#8221;on|phone&#8221; custom_padding=&#8221;14px|30px|||false|false&#8221;][\/et_pb_sidebar][\/et_pb_column][\/et_pb_row][\/et_pb_section]<\/p>\n","protected":false},"excerpt":{"rendered":"<p>SELECCI\u00d3N S\u00d3LO EN TIENDA Art\u00edculos s\u00f3lo en tienda<\/p>","protected":false},"author":1,"featured_media":0,"parent":0,"menu_order":0,"comment_status":"closed","ping_status":"closed","template":"","meta":{"_et_pb_use_builder":"on","_et_pb_old_content":"","_et_gb_content_width":"","footnotes":""},"class_list":["post-56767","page","type-page","status-publish","hentry"],"_links":{"self":[{"href":"https:\/\/amorepetfoods.com\/es\/wp-json\/wp\/v2\/pages\/56767","targetHints":{"allow":["GET"]}}],"collection":[{"href":"https:\/\/amorepetfoods.com\/es\/wp-json\/wp\/v2\/pages"}],"about":[{"href":"https:\/\/amorepetfoods.com\/es\/wp-json\/wp\/v2\/types\/page"}],"author":[{"embeddable":true,"href":"https:\/\/amorepetfoods.com\/es\/wp-json\/wp\/v2\/users\/1"}],"replies":[{"embeddable":true,"href":"https:\/\/amorepetfoods.com\/es\/wp-json\/wp\/v2\/comments?post=56767"}],"version-history":[{"count":5,"href":"https:\/\/amorepetfoods.com\/es\/wp-json\/wp\/v2\/pages\/56767\/revisions"}],"predecessor-version":[{"id":57335,"href":"https:\/\/amorepetfoods.com\/es\/wp-json\/wp\/v2\/pages\/56767\/revisions\/57335"}],"wp:attachment":[{"href":"https:\/\/amorepetfoods.com\/es\/wp-json\/wp\/v2\/media?parent=56767"}],"curies":[{"name":"wp","href":"https:\/\/api.w.org\/{rel}","templated":true}]}}