{"id":298,"date":"2019-02-21T19:05:22","date_gmt":"2019-02-22T03:05:22","guid":{"rendered":"https:\/\/amorepetfoods.com\/staging\/product\/import-placeholder-for-96\/"},"modified":"2023-06-01T15:08:00","modified_gmt":"2023-06-01T22:08:00","slug":"mega-treats-cordero-150g","status":"publish","type":"product","link":"https:\/\/amorepetfoods.com\/es\/shop\/treats\/mega-treats\/mega-treats-lamb-150g\/","title":{"rendered":"MEGA Treats - Cordero"},"content":{"rendered":"<p>Amor\u00e9 Pet Foods, con sede en Vancouver, s\u00f3lo utiliza ingredientes de calidad y controles de calidad de fabricaci\u00f3n para garantizar un producto nutritivo, seguro y de alta calidad. Compran sus carnes directamente en las granjas, que han visitado personalmente. Amor\u00e9 considera que, aunque los animales se cr\u00eden para carne, deben tener una buena vida, aire fresco y espacio para vagar. Estas condiciones de vida tambi\u00e9n mejoran la calidad de la carne. Todas las carnes se compran enteras en la granja. Amore s\u00f3lo utiliza un proveedor para cada fuente de prote\u00ednas. No compramos ninguna carne que haya sido pre-molida y queremos ver la calidad y el contenido de grasa de la carne para molerla. Si hay demasiada grasa, \u00a1la quitamos!<\/p>","protected":false},"excerpt":{"rendered":"<p>M\u00e1s que una golosina, cada bolsa est\u00e1 hecha con amor por nuestros especialistas. Desde la compra de las verduras y las carnes a los agricultores locales hasta el picado de la carne, nosotros lo hacemos todo. Garantizamos la frescura en cada bolsa con satisfacci\u00f3n garantizada.<\/p>","protected":false},"featured_media":56881,"comment_status":"open","ping_status":"closed","template":"","meta":{"_et_pb_use_builder":"off","_et_pb_old_content":"Vancouver-based Amor\u00e9 Pet Foods uses only quality ingredients and manufacturing quality controls to ensure a safe, high-quality nutritious product. They buy their meats directly from the farms, which they have personally visited. Amore feels that even though the animals are being raised for meat, they should still have a good life, fresh air, and room to roam. These living conditions also make for better quality meat!\r\n\r\nAll meats are bought whole from the farm. Amore only uses one supplier for each protein source. We do not buy any meat that has been pre-ground and wants to see the quality and fat content of the meat so we grind it. If there\u2019s too much fat, we take it out!","_et_gb_content_width":"","wds_primary_product_brand":0,"wds_primary_product_cat":50},"product_brand":[],"product_cat":[50,49],"product_tag":[110,111,101,115,68,116,76,77,87,100,94,112,67,113,71,98,86],"class_list":{"0":"post-298","1":"product","2":"type-product","3":"status-publish","4":"has-post-thumbnail","6":"product_cat-mega-treats","7":"product_cat-treats","8":"product_tag-all-human-grade","9":"product_tag-all-natural","10":"product_tag-canadian-ingredients","11":"product_tag-cat-treats","12":"product_tag-cool-air","13":"product_tag-dehydrated-raw-cat-treats","14":"product_tag-dehydrated-raw-dog-treats","15":"product_tag-dog-treats","16":"product_tag-limited-ingredients","17":"product_tag-made-in-canada","18":"product_tag-maximum-nutrition","19":"product_tag-no-additives-or-preservatives-or-coloring-or-synthetic-ingredients","20":"product_tag-no-heat","21":"product_tag-no-meat-meals","22":"product_tag-real-lamb","23":"product_tag-real-meat","24":"product_tag-single-protein","25":"product_shipping_class-standard-shipping","27":"first","28":"instock","29":"taxable","30":"shipping-taxable","31":"purchasable","32":"product-type-variable","33":"has-default-attributes"},"_links":{"self":[{"href":"https:\/\/amorepetfoods.com\/es\/wp-json\/wp\/v2\/product\/298","targetHints":{"allow":["GET"]}}],"collection":[{"href":"https:\/\/amorepetfoods.com\/es\/wp-json\/wp\/v2\/product"}],"about":[{"href":"https:\/\/amorepetfoods.com\/es\/wp-json\/wp\/v2\/types\/product"}],"replies":[{"embeddable":true,"href":"https:\/\/amorepetfoods.com\/es\/wp-json\/wp\/v2\/comments?post=298"}],"wp:featuredmedia":[{"embeddable":true,"href":"https:\/\/amorepetfoods.com\/es\/wp-json\/wp\/v2\/media\/56881"}],"wp:attachment":[{"href":"https:\/\/amorepetfoods.com\/es\/wp-json\/wp\/v2\/media?parent=298"}],"wp:term":[{"taxonomy":"product_brand","embeddable":true,"href":"https:\/\/amorepetfoods.com\/es\/wp-json\/wp\/v2\/product_brand?post=298"},{"taxonomy":"product_cat","embeddable":true,"href":"https:\/\/amorepetfoods.com\/es\/wp-json\/wp\/v2\/product_cat?post=298"},{"taxonomy":"product_tag","embeddable":true,"href":"https:\/\/amorepetfoods.com\/es\/wp-json\/wp\/v2\/product_tag?post=298"}],"curies":[{"name":"wp","href":"https:\/\/api.w.org\/{rel}","templated":true}]}}