{"id":299,"date":"2019-02-21T19:05:23","date_gmt":"2019-02-22T03:05:23","guid":{"rendered":"https:\/\/amorepetfoods.com\/staging\/product\/import-placeholder-for-97\/"},"modified":"2023-06-01T13:13:37","modified_gmt":"2023-06-01T20:13:37","slug":"mega-treats-pollo-y-salmon-150g","status":"publish","type":"product","link":"https:\/\/amorepetfoods.com\/es\/shop\/treats\/mega-treats\/mega-treats-chicken-and-salmon-150g\/","title":{"rendered":"MEGA Treats - Pollo y Salm\u00f3n (150g)"},"content":{"rendered":"<p>Amor\u00e9 Pet Foods, con sede en Vancouver, utiliza \u00fanicamente ingredientes de calidad y controles de calidad de fabricaci\u00f3n para garantizar un producto nutritivo seguro y de alta calidad. Todos los ingredientes son de calidad humana.  Las carnes se compran enteras y se muelen en nuestras instalaciones; queremos ver el contenido de grasa y ajustarlo seg\u00fan sea necesario.  Las verduras se entregan frescas semanalmente.  No utilizamos aditivos, conservantes, colorantes ni ingredientes sint\u00e9ticos.  S\u00f3lo carne, verduras, aceite de oliva virgen extra y algas. \u00a1La calidad entra antes de que salga nuestro coraz\u00f3n!<\/p>","protected":false},"excerpt":{"rendered":"<p>M\u00e1s que una golosina, cada bolsa est\u00e1 hecha con amor por nuestros especialistas. Desde la compra de las verduras y las carnes hasta el picado de la carne, nosotros lo hacemos todo. \u00a1Garantizamos la frescura de cada bolsa con satisfacci\u00f3n garantizada!<\/p>","protected":false},"featured_media":56873,"comment_status":"open","ping_status":"closed","template":"","meta":{"_et_pb_use_builder":"off","_et_pb_old_content":"Vancouver-based Amor\u00e9 Pet Foods uses only quality ingredients and manufacturing quality controls to ensure a safe, high-quality nutritious product.\r\n\r\nAll ingredients are human-grade.\u00a0 The meats are bought whole and ground in our facility; we want to see the fat content and adjust as necessary.\u00a0 Vegetables are delivered fresh weekly.\u00a0 We don't use any additives, preservatives, coloring, or synthetic ingredients.\u00a0 Only meat, vegetables, extra virgin olive oil, and kelp.\r\n\r\nThe quality goes in before our heart goes out!","_et_gb_content_width":"","wds_primary_product_brand":0,"wds_primary_product_cat":50},"product_brand":[],"product_cat":[50,49],"product_tag":[110,111,101,115,68,116,76,77,87,100,94,112,67,113,69,98,96,114],"class_list":{"0":"post-299","1":"product","2":"type-product","3":"status-publish","4":"has-post-thumbnail","6":"product_cat-mega-treats","7":"product_cat-treats","8":"product_tag-all-human-grade","9":"product_tag-all-natural","10":"product_tag-canadian-ingredients","11":"product_tag-cat-treats","12":"product_tag-cool-air","13":"product_tag-dehydrated-raw-cat-treats","14":"product_tag-dehydrated-raw-dog-treats","15":"product_tag-dog-treats","16":"product_tag-limited-ingredients","17":"product_tag-made-in-canada","18":"product_tag-maximum-nutrition","19":"product_tag-no-additives-or-preservatives-or-coloring-or-synthetic-ingredients","20":"product_tag-no-heat","21":"product_tag-no-meat-meals","22":"product_tag-real-chicken","23":"product_tag-real-meat","24":"product_tag-real-salmon","25":"product_tag-two-proteins","26":"product_shipping_class-standard-shipping","28":"first","29":"instock","30":"taxable","31":"shipping-taxable","32":"purchasable","33":"product-type-simple"},"_links":{"self":[{"href":"https:\/\/amorepetfoods.com\/es\/wp-json\/wp\/v2\/product\/299","targetHints":{"allow":["GET"]}}],"collection":[{"href":"https:\/\/amorepetfoods.com\/es\/wp-json\/wp\/v2\/product"}],"about":[{"href":"https:\/\/amorepetfoods.com\/es\/wp-json\/wp\/v2\/types\/product"}],"replies":[{"embeddable":true,"href":"https:\/\/amorepetfoods.com\/es\/wp-json\/wp\/v2\/comments?post=299"}],"wp:featuredmedia":[{"embeddable":true,"href":"https:\/\/amorepetfoods.com\/es\/wp-json\/wp\/v2\/media\/56873"}],"wp:attachment":[{"href":"https:\/\/amorepetfoods.com\/es\/wp-json\/wp\/v2\/media?parent=299"}],"wp:term":[{"taxonomy":"product_brand","embeddable":true,"href":"https:\/\/amorepetfoods.com\/es\/wp-json\/wp\/v2\/product_brand?post=299"},{"taxonomy":"product_cat","embeddable":true,"href":"https:\/\/amorepetfoods.com\/es\/wp-json\/wp\/v2\/product_cat?post=299"},{"taxonomy":"product_tag","embeddable":true,"href":"https:\/\/amorepetfoods.com\/es\/wp-json\/wp\/v2\/product_tag?post=299"}],"curies":[{"name":"wp","href":"https:\/\/api.w.org\/{rel}","templated":true}]}}