{"id":307,"date":"2019-02-21T19:05:23","date_gmt":"2019-02-22T03:05:23","guid":{"rendered":"https:\/\/amorepetfoods.com\/staging\/product\/import-placeholder-for-87\/"},"modified":"2023-06-02T15:59:01","modified_gmt":"2023-06-02T22:59:01","slug":"mega-bocados-pollo-arroz-integral","status":"publish","type":"product","link":"https:\/\/amorepetfoods.com\/es\/shop\/mega-morsels\/dog-mega-morsels\/mega-morsels-chicken-brown-rice\/","title":{"rendered":"MEGA morsels\u2122 - Pollo y arroz integral (para perros)"},"content":{"rendered":"<p>El nacimiento de MEGA morsels\u00ae - Uno de nuestros productos competidores ten\u00eda un % muy extra\u00f1o en su producto para el contenido de humedad. Le pregunt\u00e9 a mi amiga, profesora de ciencias de instituto, c\u00f3mo pod\u00edamos averiguar el contenido de humedad. Me dijo que lo secara como hicimos con los LoveBites, empezando exactamente con 100 gramos, y que luego lo pesara una vez seco. La diferencia ser\u00eda el agua que se hab\u00eda eliminado. La primera vez que lo hicimos, Sassy y Lola se volvieron locas. El aroma era tan concentrado que las volv\u00eda locas\". Amor\u00e9 Pet Foods, con sede en Vancouver, utiliza \u00fanicamente ingredientes de calidad y controles de calidad de fabricaci\u00f3n para garantizar un producto nutritivo seguro y de alta calidad. Todos los ingredientes son de calidad humana.  Las carnes se compran enteras y se muelen en nuestras instalaciones; queremos ver el contenido de grasa y ajustarlo si es necesario.  Las verduras se entregan frescas semanalmente.  No utilizamos aditivos, conservantes, colorantes ni ingredientes sint\u00e9ticos.  S\u00f3lo carne, verduras, aceite de oliva virgen extra y algas. \u00a1La calidad entra antes de que salga nuestro coraz\u00f3n!<\/p>\n<p>Alimentar en seco o rehidratado. Para rehidratar, a\u00f1ada cantidades iguales de MEGA Morsels\u00ae y agua fr\u00eda a un plato limpio. Remover y dejar 15 minutos para una rehidrataci\u00f3n completa.<\/p>","protected":false},"excerpt":{"rendered":"<p>Alimentar en seco o rehidratado. Para rehidratar, a\u00f1ada cantidades iguales de MEGA Morsels\u00ae y agua fr\u00eda a un plato limpio. Remover y dejar 15 minutos para una rehidrataci\u00f3n completa.<\/p>","protected":false},"featured_media":56876,"comment_status":"open","ping_status":"closed","template":"","meta":{"_et_pb_use_builder":"off","_et_pb_old_content":"The birth of MEGA morsels\u00ae - One of our competitor products had a very strange % on their product for moisture content. I asked my friend, a high school science teacher, how we could figure out the moisture content. She told me to dry it like we did the LoveBites, starting with exactly 100 grams, then weigh it when dried. Whatever the difference was the water that had been removed. The first time we made it Sassy and Lola went nuts! The aroma was so concentrated, it was driving them crazy.\r\n\r\nVancouver-based Amor\u00e9 Pet Foods uses only quality ingredients and manufacturing quality controls to ensure a safe, high-quality nutritious product.\r\n\r\nAll ingredients are human-grade.\u00a0 The meats are bought whole and ground in our facility; we want to see the fat content and adjust as necessary.\u00a0 Vegetables are delivered fresh weekly.\u00a0 We don't use any additives, preservatives, coloring, or synthetic ingredients.\u00a0 Only meat, vegetables, extra virgin olive oil, and kelp.\r\n\r\nThe quality goes in before our heart goes out!\r\n\r\nFeed dry or rehydrated. To rehydrate, add equal amounts of MEGA Morsels\u00ae and cold water to a clean dish. Stir and allow 15 minutes for full rehydration.","_et_gb_content_width":"","wds_primary_product_brand":0,"wds_primary_product_cat":52},"product_brand":[],"product_cat":[16,52],"product_tag":[110,111,101,68,26,21,89,87,100,94,91,112,67,113,69,98,86,75],"class_list":{"0":"post-307","1":"product","2":"type-product","3":"status-publish","4":"has-post-thumbnail","6":"product_cat-mega-morsels","7":"product_cat-dog-mega-morsels","8":"product_tag-all-human-grade","9":"product_tag-all-natural","10":"product_tag-canadian-ingredients","11":"product_tag-cool-air","12":"product_tag-dehydrated-raw-dog-food","13":"product_tag-dog-food","14":"product_tag-food-topper","15":"product_tag-limited-ingredients","16":"product_tag-made-in-canada","17":"product_tag-maximum-nutrition","18":"product_tag-meal-topper","19":"product_tag-no-additives-or-preservatives-or-coloring-or-synthetic-ingredients","20":"product_tag-no-heat","21":"product_tag-no-meat-meals","22":"product_tag-real-chicken","23":"product_tag-real-meat","24":"product_tag-single-protein","25":"product_tag-under-weight-issues","26":"product_shipping_class-standard-shipping","28":"first","29":"instock","30":"taxable","31":"shipping-taxable","32":"purchasable","33":"product-type-variable","34":"has-default-attributes"},"_links":{"self":[{"href":"https:\/\/amorepetfoods.com\/es\/wp-json\/wp\/v2\/product\/307","targetHints":{"allow":["GET"]}}],"collection":[{"href":"https:\/\/amorepetfoods.com\/es\/wp-json\/wp\/v2\/product"}],"about":[{"href":"https:\/\/amorepetfoods.com\/es\/wp-json\/wp\/v2\/types\/product"}],"replies":[{"embeddable":true,"href":"https:\/\/amorepetfoods.com\/es\/wp-json\/wp\/v2\/comments?post=307"}],"wp:featuredmedia":[{"embeddable":true,"href":"https:\/\/amorepetfoods.com\/es\/wp-json\/wp\/v2\/media\/56876"}],"wp:attachment":[{"href":"https:\/\/amorepetfoods.com\/es\/wp-json\/wp\/v2\/media?parent=307"}],"wp:term":[{"taxonomy":"product_brand","embeddable":true,"href":"https:\/\/amorepetfoods.com\/es\/wp-json\/wp\/v2\/product_brand?post=307"},{"taxonomy":"product_cat","embeddable":true,"href":"https:\/\/amorepetfoods.com\/es\/wp-json\/wp\/v2\/product_cat?post=307"},{"taxonomy":"product_tag","embeddable":true,"href":"https:\/\/amorepetfoods.com\/es\/wp-json\/wp\/v2\/product_tag?post=307"}],"curies":[{"name":"wp","href":"https:\/\/api.w.org\/{rel}","templated":true}]}}