{"id":56843,"date":"2021-07-05T12:50:53","date_gmt":"2021-07-05T19:50:53","guid":{"rendered":"https:\/\/amorepetfoods.com\/?post_type=product&#038;p=56843"},"modified":"2023-06-01T14:06:46","modified_gmt":"2023-06-01T21:06:46","slug":"tratamiento-para-la-piel-del-salmon","status":"publish","type":"product","link":"https:\/\/amorepetfoods.com\/es\/shop\/treats\/salmon-skin-treat\/","title":{"rendered":"Tratamiento para la piel de salm\u00f3n"},"content":{"rendered":"<p>Amor\u00e9 Pet Foods, con sede en Vancouver, utiliza \u00fanicamente ingredientes de calidad y controles de calidad de fabricaci\u00f3n para garantizar un producto nutritivo seguro y de alta calidad. Todos los ingredientes son de calidad humana. \u00a1La calidad entra antes de que salga nuestro coraz\u00f3n!<\/p>","protected":false},"excerpt":{"rendered":"<p>\u00a1Crujiente salm\u00f3n secado al aire para un crujido satisfactorio! Cargado de Omega 3 (la grasa buena) y \u00a1amor!<\/p>","protected":false},"featured_media":56886,"comment_status":"open","ping_status":"closed","template":"","meta":{"_et_pb_use_builder":"off","_et_pb_old_content":"Vancouver-based Amor\u00e9 Pet Foods uses only quality ingredients and manufacturing quality controls to ensure a safe, high-quality nutritious product. All ingredients are human-grade. The quality goes in before our heart goes out!","_et_gb_content_width":"","wds_primary_product_brand":0,"wds_primary_product_cat":49},"product_brand":[],"product_cat":[49],"product_tag":[110,111,101,115,68,116,76,77,87,100,94,112,67,113,98,96,86],"class_list":{"0":"post-56843","1":"product","2":"type-product","3":"status-publish","4":"has-post-thumbnail","6":"product_cat-treats","7":"product_tag-all-human-grade","8":"product_tag-all-natural","9":"product_tag-canadian-ingredients","10":"product_tag-cat-treats","11":"product_tag-cool-air","12":"product_tag-dehydrated-raw-cat-treats","13":"product_tag-dehydrated-raw-dog-treats","14":"product_tag-dog-treats","15":"product_tag-limited-ingredients","16":"product_tag-made-in-canada","17":"product_tag-maximum-nutrition","18":"product_tag-no-additives-or-preservatives-or-coloring-or-synthetic-ingredients","19":"product_tag-no-heat","20":"product_tag-no-meat-meals","21":"product_tag-real-meat","22":"product_tag-real-salmon","23":"product_tag-single-protein","24":"product_shipping_class-standard-shipping","26":"first","27":"instock","28":"taxable","29":"shipping-taxable","30":"purchasable","31":"product-type-simple"},"_links":{"self":[{"href":"https:\/\/amorepetfoods.com\/es\/wp-json\/wp\/v2\/product\/56843","targetHints":{"allow":["GET"]}}],"collection":[{"href":"https:\/\/amorepetfoods.com\/es\/wp-json\/wp\/v2\/product"}],"about":[{"href":"https:\/\/amorepetfoods.com\/es\/wp-json\/wp\/v2\/types\/product"}],"replies":[{"embeddable":true,"href":"https:\/\/amorepetfoods.com\/es\/wp-json\/wp\/v2\/comments?post=56843"}],"wp:featuredmedia":[{"embeddable":true,"href":"https:\/\/amorepetfoods.com\/es\/wp-json\/wp\/v2\/media\/56886"}],"wp:attachment":[{"href":"https:\/\/amorepetfoods.com\/es\/wp-json\/wp\/v2\/media?parent=56843"}],"wp:term":[{"taxonomy":"product_brand","embeddable":true,"href":"https:\/\/amorepetfoods.com\/es\/wp-json\/wp\/v2\/product_brand?post=56843"},{"taxonomy":"product_cat","embeddable":true,"href":"https:\/\/amorepetfoods.com\/es\/wp-json\/wp\/v2\/product_cat?post=56843"},{"taxonomy":"product_tag","embeddable":true,"href":"https:\/\/amorepetfoods.com\/es\/wp-json\/wp\/v2\/product_tag?post=56843"}],"curies":[{"name":"wp","href":"https:\/\/api.w.org\/{rel}","templated":true}]}}