{"id":57070,"date":"2021-07-05T17:01:58","date_gmt":"2021-07-06T00:01:58","guid":{"rendered":"https:\/\/amorepetfoods.com\/?post_type=product&#038;p=57070"},"modified":"2023-06-02T16:06:08","modified_gmt":"2023-06-02T23:06:08","slug":"love-bites-buffalo","status":"publish","type":"product","link":"https:\/\/amorepetfoods.com\/es\/shop\/treats\/love-bites\/love-bites-buffalo\/","title":{"rendered":"Mordiscos de amor - B\u00fafalo"},"content":{"rendered":"<p>El nacimiento de LoveBites - Intent\u00e1bamos crear una golosina cruda, estable en el estante y con ingredientes limitados. La carne de vacuno pura no era una opci\u00f3n, ya que se convert\u00eda en polvo al secarla. No quer\u00edamos que nuestros clientes se quedaran sin h\u00edgado. Empezamos a experimentar a\u00f1adiendo otras cosas al h\u00edgado para cambiar la textura. Cuando a\u00f1adimos coraz\u00f3n y lengua al h\u00edgado, la textura era exactamente la que quer\u00edamos\". Amor\u00e9 Pet Foods, con sede en Vancouver, utiliza \u00fanicamente ingredientes de calidad y controles de calidad de fabricaci\u00f3n para garantizar un producto nutritivo seguro y de alta calidad. Todos los ingredientes son de calidad humana.  Las carnes se compran enteras y se muelen en nuestras instalaciones; queremos ver el contenido de grasa y ajustarlo si es necesario.  Las verduras se entregan frescas semanalmente.  No utilizamos aditivos, conservantes, colorantes ni ingredientes sint\u00e9ticos.  S\u00f3lo carne, verduras, aceite de oliva virgen extra y algas. \u00a1La calidad entra antes de que salga nuestro coraz\u00f3n!<\/p>","protected":false},"excerpt":{"rendered":"<p>M\u00e1s que una golosina, cada bolsa est\u00e1 hecha con amor por nuestros especialistas. Desde la compra de las verduras y las carnes hasta el picado de la carne, nosotros lo hacemos todo. \u00a1Garantizamos la frescura de cada bolsa con satisfacci\u00f3n garantizada!<\/p>","protected":false},"featured_media":56918,"comment_status":"open","ping_status":"closed","template":"","meta":{"_et_pb_use_builder":"off","_et_pb_old_content":"The birth of LoveBites \u2013 We were trying to come up with a raw, shelf-stable treat, using limited ingredients. Pure beef was a no-go as it went into a powder when you dried in. We didn\u2019t want our customers to have liver pocket. We began experimenting by adding other things to the liver to change the texture. When we added heart & tongue to the liver, the texture came out exactly the way we wanted.\r\n\r\nVancouver-based Amor\u00e9 Pet Foods uses only quality ingredients and manufacturing quality controls to ensure a safe, high-quality nutritious product.\r\n\r\nAll ingredients are human-grade.\u00a0 The meats are bought whole and ground in our facility; we want to see the fat content and adjust as necessary.\u00a0 Vegetables are delivered fresh weekly.\u00a0 We don't use any additives, preservatives, coloring, or synthetic ingredients.\u00a0 Only meat, vegetables, extra virgin olive oil, and kelp.\r\n\r\nThe quality goes in before our heart goes out!","_et_gb_content_width":"","wds_primary_product_brand":0,"wds_primary_product_cat":51},"product_brand":[],"product_cat":[51,49],"product_tag":[110,111,101,115,68,116,76,77,82,87,81,100,94,112,67,113,131,98,86,83],"class_list":{"0":"post-57070","1":"product","2":"type-product","3":"status-publish","4":"has-post-thumbnail","6":"product_cat-love-bites","7":"product_cat-treats","8":"product_tag-all-human-grade","9":"product_tag-all-natural","10":"product_tag-canadian-ingredients","11":"product_tag-cat-treats","12":"product_tag-cool-air","13":"product_tag-dehydrated-raw-cat-treats","14":"product_tag-dehydrated-raw-dog-treats","15":"product_tag-dog-treats","16":"product_tag-heart","17":"product_tag-limited-ingredients","18":"product_tag-liver","19":"product_tag-made-in-canada","20":"product_tag-maximum-nutrition","21":"product_tag-no-additives-or-preservatives-or-coloring-or-synthetic-ingredients","22":"product_tag-no-heat","23":"product_tag-no-meat-meals","24":"product_tag-real-buffalo","25":"product_tag-real-meat","26":"product_tag-single-protein","27":"product_tag-tongue","29":"first","30":"instock","31":"taxable","32":"shipping-taxable","33":"purchasable","34":"product-type-variable","35":"has-default-attributes"},"_links":{"self":[{"href":"https:\/\/amorepetfoods.com\/es\/wp-json\/wp\/v2\/product\/57070","targetHints":{"allow":["GET"]}}],"collection":[{"href":"https:\/\/amorepetfoods.com\/es\/wp-json\/wp\/v2\/product"}],"about":[{"href":"https:\/\/amorepetfoods.com\/es\/wp-json\/wp\/v2\/types\/product"}],"replies":[{"embeddable":true,"href":"https:\/\/amorepetfoods.com\/es\/wp-json\/wp\/v2\/comments?post=57070"}],"wp:featuredmedia":[{"embeddable":true,"href":"https:\/\/amorepetfoods.com\/es\/wp-json\/wp\/v2\/media\/56918"}],"wp:attachment":[{"href":"https:\/\/amorepetfoods.com\/es\/wp-json\/wp\/v2\/media?parent=57070"}],"wp:term":[{"taxonomy":"product_brand","embeddable":true,"href":"https:\/\/amorepetfoods.com\/es\/wp-json\/wp\/v2\/product_brand?post=57070"},{"taxonomy":"product_cat","embeddable":true,"href":"https:\/\/amorepetfoods.com\/es\/wp-json\/wp\/v2\/product_cat?post=57070"},{"taxonomy":"product_tag","embeddable":true,"href":"https:\/\/amorepetfoods.com\/es\/wp-json\/wp\/v2\/product_tag?post=57070"}],"curies":[{"name":"wp","href":"https:\/\/api.w.org\/{rel}","templated":true}]}}