{"id":64976,"date":"2023-12-10T19:04:01","date_gmt":"2023-12-11T03:04:01","guid":{"rendered":"https:\/\/amorepetfoods.com\/?post_type=product&#038;p=64976"},"modified":"2025-03-06T16:28:54","modified_gmt":"2025-03-07T00:28:54","slug":"holiday-blend-receta-especial-limitada","status":"publish","type":"product","link":"https:\/\/amorepetfoods.com\/es\/shop\/mega-morsels\/dog-mega-morsels\/holiday-blend-limited-special-recipe\/","title":{"rendered":"Holiday Blend - receta especial limitada, para perros."},"content":{"rendered":"<p>Mezcla especial de pavo y ar\u00e1ndanos para las fiestas. \u00a1Delicioso!<\/p>\n<p>El nacimiento de MEGA morsels\u00ae - Uno de nuestros productos competidores ten\u00eda un % muy extra\u00f1o en su producto para el contenido de humedad. Le pregunt\u00e9 a mi amiga, profesora de ciencias de instituto, c\u00f3mo pod\u00edamos averiguar el contenido de humedad. Me dijo que lo secara como hicimos con los LoveBites, empezando exactamente con 100 gramos, y que luego lo pesara una vez seco. La diferencia ser\u00eda el agua que se hab\u00eda eliminado. La primera vez que lo hicimos, Sassy y Lola se volvieron locas. El aroma era tan concentrado que las volv\u00eda locas\". Amor\u00e9 Pet Foods, con sede en Vancouver, utiliza \u00fanicamente ingredientes de calidad y controles de calidad de fabricaci\u00f3n para garantizar un producto nutritivo seguro y de alta calidad. Todos los ingredientes son de calidad humana.  Las carnes se compran enteras y se muelen en nuestras instalaciones; queremos ver el contenido de grasa y ajustarlo si es necesario.  Las verduras se entregan frescas semanalmente.  No utilizamos aditivos, conservantes, colorantes ni ingredientes sint\u00e9ticos.  S\u00f3lo carne, verduras, aceite de oliva virgen extra y algas. \u00a1La calidad entra antes de que salga nuestro coraz\u00f3n! Alimentar en seco o rehidratado. Para rehidratar, a\u00f1ada cantidades iguales de MEGA Morsels\u00ae y agua fr\u00eda a un plato limpio. Remover y dejar 15 minutos para una rehidrataci\u00f3n completa.<\/p>","protected":false},"excerpt":{"rendered":"<p>Turkey and Cranberry special blend for the holidays. Delicious! The birth of MEGA morsels\u00ae &#8211; One of our competitor products had a very strange % on their product for moisture content. I asked my friend, a high school science teacher, how we could figure out the moisture content. She told me to dry it like [&hellip;]<\/p>\n","protected":false},"featured_media":64992,"comment_status":"closed","ping_status":"closed","template":"","meta":{"_et_pb_use_builder":"","_et_pb_old_content":"","_et_gb_content_width":"","wds_primary_product_brand":0,"wds_primary_product_cat":52},"product_brand":[],"product_cat":[16,52],"product_tag":[],"class_list":{"0":"post-64976","1":"product","2":"type-product","3":"status-publish","4":"has-post-thumbnail","6":"product_cat-mega-morsels","7":"product_cat-dog-mega-morsels","9":"first","10":"instock","11":"taxable","12":"shipping-taxable","13":"product-type-variable"},"_links":{"self":[{"href":"https:\/\/amorepetfoods.com\/es\/wp-json\/wp\/v2\/product\/64976","targetHints":{"allow":["GET"]}}],"collection":[{"href":"https:\/\/amorepetfoods.com\/es\/wp-json\/wp\/v2\/product"}],"about":[{"href":"https:\/\/amorepetfoods.com\/es\/wp-json\/wp\/v2\/types\/product"}],"replies":[{"embeddable":true,"href":"https:\/\/amorepetfoods.com\/es\/wp-json\/wp\/v2\/comments?post=64976"}],"wp:featuredmedia":[{"embeddable":true,"href":"https:\/\/amorepetfoods.com\/es\/wp-json\/wp\/v2\/media\/64992"}],"wp:attachment":[{"href":"https:\/\/amorepetfoods.com\/es\/wp-json\/wp\/v2\/media?parent=64976"}],"wp:term":[{"taxonomy":"product_brand","embeddable":true,"href":"https:\/\/amorepetfoods.com\/es\/wp-json\/wp\/v2\/product_brand?post=64976"},{"taxonomy":"product_cat","embeddable":true,"href":"https:\/\/amorepetfoods.com\/es\/wp-json\/wp\/v2\/product_cat?post=64976"},{"taxonomy":"product_tag","embeddable":true,"href":"https:\/\/amorepetfoods.com\/es\/wp-json\/wp\/v2\/product_tag?post=64976"}],"curies":[{"name":"wp","href":"https:\/\/api.w.org\/{rel}","templated":true}]}}