{"id":65188,"date":"2025-03-13T17:51:07","date_gmt":"2025-03-14T00:51:07","guid":{"rendered":"https:\/\/amorepetfoods.com\/?post_type=product&#038;p=65188"},"modified":"2025-03-13T17:51:08","modified_gmt":"2025-03-14T00:51:08","slug":"mega-morsels-mezcla-de-verduras-para-perros","status":"publish","type":"product","link":"https:\/\/amorepetfoods.com\/es\/shop\/mega-morsels\/dog-mega-morsels\/mega-morsels-veggie-blend-for-dogs\/","title":{"rendered":"Mega Morsels Veggie Blend para perros"},"content":{"rendered":"<p>El nacimiento de MEGA morsels\u00ae - Uno de nuestros productos competidores ten\u00eda un % muy extra\u00f1o en su producto para el contenido de humedad. Le pregunt\u00e9 a mi amiga, profesora de ciencias de instituto, c\u00f3mo pod\u00edamos averiguar el contenido de humedad. Me dijo que lo secara como hicimos con los LoveBites, empezando exactamente con 100 gramos, y que luego lo pesara una vez seco. La diferencia ser\u00eda el agua que se hab\u00eda eliminado. La primera vez que lo hicimos, Sassy y Lola se volvieron locas. El aroma era tan concentrado que las volv\u00eda locas\". Amor\u00e9 Pet Foods, con sede en Vancouver, utiliza \u00fanicamente ingredientes de calidad y controles de calidad de fabricaci\u00f3n para garantizar un producto nutritivo seguro y de alta calidad. Todos los ingredientes son de calidad humana.  Las carnes se compran enteras y se muelen en nuestras instalaciones; queremos ver el contenido de grasa y ajustarlo si es necesario.  Las verduras se entregan frescas semanalmente.  No utilizamos aditivos, conservantes, colorantes ni ingredientes sint\u00e9ticos.  S\u00f3lo carne, verduras, aceite de oliva virgen extra y algas. \u00a1La calidad entra antes de que salga nuestro coraz\u00f3n! Alimentar en seco o rehidratado. Para rehidratar, a\u00f1ada cantidades iguales de MEGA Morsels\u00ae y agua fr\u00eda a un plato limpio. Remover y dejar 15 minutos para una rehidrataci\u00f3n completa.<\/p>\n<p>Ingredientes:  Zanahorias, br\u00f3coli, boniatos, calabaza butternut, col china (pak-choi) cruda, espinacas, col rizada, chiriv\u00edas, algas kelp crudas, aceite de oliva, ajo y perejil.<\/p>","protected":false},"excerpt":{"rendered":"<p>Alimentar en seco o rehidratado. Para rehidratar, a\u00f1ada cantidades iguales de MEGA Morsels\u00ae y agua fr\u00eda a un plato limpio. Remover y dejar 15 minutos para una rehidrataci\u00f3n completa.<\/p>","protected":false},"featured_media":65182,"comment_status":"open","ping_status":"closed","template":"","meta":{"_et_pb_use_builder":"","_et_pb_old_content":"","_et_gb_content_width":"","wds_primary_product_brand":0,"wds_primary_product_cat":0},"product_brand":[],"product_cat":[16,52],"product_tag":[110,111,101,68,26,87],"class_list":{"0":"post-65188","1":"product","2":"type-product","3":"status-publish","4":"has-post-thumbnail","6":"product_cat-mega-morsels","7":"product_cat-dog-mega-morsels","8":"product_tag-all-human-grade","9":"product_tag-all-natural","10":"product_tag-canadian-ingredients","11":"product_tag-cool-air","12":"product_tag-dehydrated-raw-dog-food","13":"product_tag-limited-ingredients","14":"product_shipping_class-standard-shipping","16":"first","17":"instock","18":"taxable","19":"shipping-taxable","20":"purchasable","21":"product-type-variable","22":"has-default-attributes"},"_links":{"self":[{"href":"https:\/\/amorepetfoods.com\/es\/wp-json\/wp\/v2\/product\/65188","targetHints":{"allow":["GET"]}}],"collection":[{"href":"https:\/\/amorepetfoods.com\/es\/wp-json\/wp\/v2\/product"}],"about":[{"href":"https:\/\/amorepetfoods.com\/es\/wp-json\/wp\/v2\/types\/product"}],"replies":[{"embeddable":true,"href":"https:\/\/amorepetfoods.com\/es\/wp-json\/wp\/v2\/comments?post=65188"}],"wp:featuredmedia":[{"embeddable":true,"href":"https:\/\/amorepetfoods.com\/es\/wp-json\/wp\/v2\/media\/65182"}],"wp:attachment":[{"href":"https:\/\/amorepetfoods.com\/es\/wp-json\/wp\/v2\/media?parent=65188"}],"wp:term":[{"taxonomy":"product_brand","embeddable":true,"href":"https:\/\/amorepetfoods.com\/es\/wp-json\/wp\/v2\/product_brand?post=65188"},{"taxonomy":"product_cat","embeddable":true,"href":"https:\/\/amorepetfoods.com\/es\/wp-json\/wp\/v2\/product_cat?post=65188"},{"taxonomy":"product_tag","embeddable":true,"href":"https:\/\/amorepetfoods.com\/es\/wp-json\/wp\/v2\/product_tag?post=65188"}],"curies":[{"name":"wp","href":"https:\/\/api.w.org\/{rel}","templated":true}]}}