{"id":65204,"date":"2025-04-15T12:05:49","date_gmt":"2025-04-15T19:05:49","guid":{"rendered":"https:\/\/amorepetfoods.com\/?post_type=product&#038;p=65204"},"modified":"2025-04-15T13:15:42","modified_gmt":"2025-04-15T20:15:42","slug":"tamano-de-prueba-para-perros","status":"publish","type":"product","link":"https:\/\/amorepetfoods.com\/es\/shop\/mega-morsels\/dog-mega-morsels\/trial-size-for-dogs\/","title":{"rendered":"Tama\u00f1o de prueba para perros"},"content":{"rendered":"<p><span style=\"font-size: 10.5pt; font-family: 'Open Sans',sans-serif; color: #666666;\">\u00bfSu Furkid quiere probar Amor\u00e9?  Sabemos que a tu perro le encantar\u00e1 y que ser\u00e1 estupendo para su digesti\u00f3n, su salud y su felicidad.  \u00a1Tambi\u00e9n sabemos que notar\u00e1s la diferencia en la primera caca!<\/p>\n<p>Seleccione una sola prote\u00edna o elija tres.  Aseg\u00farate de decirnos en las notas, cu\u00e1l o cu\u00e1les de las tres prote\u00ednas te gustar\u00eda probar, y te las enviaremos enseguida.  \u00bfNo quieres comida?  Puedes elegir golosinas.<\/span><\/p>\n<p>No se olvide de escribir su(s) selecci\u00f3n(es) al pagar.<\/p>","protected":false},"excerpt":{"rendered":"<p>Does your Furkid want to try Amor\u00e9?\u00a0 We know your dog will love it and it\u2019ll be great for digestion, health, and happiness.\u00a0 We also know you&#8217;ll see the difference in the first poop! Select a single protein or choose three.\u00a0 Make sure to tell us in the notes, which one or three proteins you&#8217;d [&hellip;]<\/p>\n","protected":false},"featured_media":65069,"comment_status":"closed","ping_status":"closed","template":"","meta":{"_et_pb_use_builder":"","_et_pb_old_content":"","_et_gb_content_width":"","wds_primary_product_brand":0,"wds_primary_product_cat":0},"product_brand":[],"product_cat":[16,52],"product_tag":[],"class_list":{"0":"post-65204","1":"product","2":"type-product","3":"status-publish","4":"has-post-thumbnail","6":"product_cat-mega-morsels","7":"product_cat-dog-mega-morsels","9":"first","10":"instock","11":"featured","12":"taxable","13":"shipping-taxable","14":"purchasable","15":"product-type-variable","16":"has-default-attributes"},"_links":{"self":[{"href":"https:\/\/amorepetfoods.com\/es\/wp-json\/wp\/v2\/product\/65204","targetHints":{"allow":["GET"]}}],"collection":[{"href":"https:\/\/amorepetfoods.com\/es\/wp-json\/wp\/v2\/product"}],"about":[{"href":"https:\/\/amorepetfoods.com\/es\/wp-json\/wp\/v2\/types\/product"}],"replies":[{"embeddable":true,"href":"https:\/\/amorepetfoods.com\/es\/wp-json\/wp\/v2\/comments?post=65204"}],"wp:featuredmedia":[{"embeddable":true,"href":"https:\/\/amorepetfoods.com\/es\/wp-json\/wp\/v2\/media\/65069"}],"wp:attachment":[{"href":"https:\/\/amorepetfoods.com\/es\/wp-json\/wp\/v2\/media?parent=65204"}],"wp:term":[{"taxonomy":"product_brand","embeddable":true,"href":"https:\/\/amorepetfoods.com\/es\/wp-json\/wp\/v2\/product_brand?post=65204"},{"taxonomy":"product_cat","embeddable":true,"href":"https:\/\/amorepetfoods.com\/es\/wp-json\/wp\/v2\/product_cat?post=65204"},{"taxonomy":"product_tag","embeddable":true,"href":"https:\/\/amorepetfoods.com\/es\/wp-json\/wp\/v2\/product_tag?post=65204"}],"curies":[{"name":"wp","href":"https:\/\/api.w.org\/{rel}","templated":true}]}}