{"id":2840,"date":"2019-07-30T16:07:32","date_gmt":"2019-07-30T23:07:32","guid":{"rendered":"https:\/\/amorepetfoods.com\/?post_type=product&#038;p=2840"},"modified":"2025-08-10T12:37:09","modified_gmt":"2025-08-10T19:37:09","slug":"echantillon-gratuit-de-mega-bouchees-pour-chiens-ou-chats","status":"publish","type":"product","link":"https:\/\/amorepetfoods.com\/fr\/shop\/mega-morsels\/cat-mega-morsels\/free-sample-mega-morsels-for-dogs-or-cats\/","title":{"rendered":"\u00c9chantillon gratuit - Mega Morsels\u2122 pour chiens ou chats"},"content":{"rendered":"<p>Le 28 novembre 2024 : Veuillez noter que pendant le conflit de travail actuel \u00e0 Postes Canada, les envois d'\u00e9chantillons gratuits seront retard\u00e9s.  Nous les exp\u00e9dierons d\u00e8s que le service postal reprendra.<\/p>\n<p>Si vous habitez au Canada, nous serions ravis de vous envoyer un \u00e9chantillon de notre nourriture. Nous vous demandons de payer $5.00 pour l'exp\u00e9dition. Nous sommes une PETITE entreprise. Veuillez ne pas publier cette offre sur une page d'\u00e9chantillons gratuits. Nous serions inond\u00e9s de demandes d'\u00e9chantillons gratuits que nous n'aurions pas les moyens de satisfaire, et nous serions oblig\u00e9s d'interrompre le programme sans que personne ne re\u00e7oive quoi que ce soit. Clients am\u00e9ricains, appelez-nous sans frais si vous \u00eates int\u00e9ress\u00e9s par des \u00e9chantillons. +1 778-892-6673 D\u00e9p\u00eachez-vous, jusqu'\u00e0 \u00e9puisement des stocks. Les \u00e9chantillons gratuits peuvent \u00eatre disponibles pour une dur\u00e9e limit\u00e9e. Un seul \u00e9chantillon par client et par commande.<\/p>","protected":false},"excerpt":{"rendered":"<div class=\"et_pb_module et_pb_wc_description et_pb_wc_description_0 et_pb_bg_layout_light et_pb_text_align_left\">\n<div class=\"et_pb_module_inner\">\n<p>Si vous habitez au Canada, nous serions ravis de vous envoyer un \u00e9chantillon de notre nourriture. Nous facturons $5.00 pour couvrir les frais d'exp\u00e9dition.<\/p>\n<\/div>\n<\/div>","protected":false},"featured_media":56962,"comment_status":"closed","ping_status":"closed","template":"","meta":{"_et_pb_use_builder":"off","_et_pb_old_content":"If you live in Canada, we would love to send you a sample of our food. We ask that you pay $5.00 for shipping and will provide you with a coupon valid for $5.00 off any future order within 14 days of ordering the sample.\r\n\r\nWe are a SMALL company. Please do not post this offer to any free samples page. We would get inundated with free sample requests that we cannot possibly afford to fill, then have to discontinue the program and no one gets anything.\r\n\r\nUS Customers, give us a call toll-free if you\u2019re interested in samples. +1 778-892-6673\r\n\r\nHurry, while supplies last. Free samples may be available for a limited time only. One sample per customer, per order.","_et_gb_content_width":"","wds_primary_product_brand":0,"wds_primary_product_cat":17},"product_brand":[],"product_cat":[16,17,52],"product_tag":[110,111,101,19,68,27,26,21,87,100,94,112,67,113,98],"class_list":{"0":"post-2840","1":"product","2":"type-product","3":"status-publish","4":"has-post-thumbnail","6":"product_cat-mega-morsels","7":"product_cat-cat-mega-morsels","8":"product_cat-dog-mega-morsels","9":"product_tag-all-human-grade","10":"product_tag-all-natural","11":"product_tag-canadian-ingredients","12":"product_tag-cat-food","13":"product_tag-cool-air","14":"product_tag-dehydrated-raw-cat-food","15":"product_tag-dehydrated-raw-dog-food","16":"product_tag-dog-food","17":"product_tag-limited-ingredients","18":"product_tag-made-in-canada","19":"product_tag-maximum-nutrition","20":"product_tag-no-additives-or-preservatives-or-coloring-or-synthetic-ingredients","21":"product_tag-no-heat","22":"product_tag-no-meat-meals","23":"product_tag-real-meat","25":"first","26":"instock","27":"featured","28":"sold-individually","29":"taxable","30":"shipping-taxable","31":"purchasable","32":"product-type-variable","33":"has-default-attributes"},"_links":{"self":[{"href":"https:\/\/amorepetfoods.com\/fr\/wp-json\/wp\/v2\/product\/2840","targetHints":{"allow":["GET"]}}],"collection":[{"href":"https:\/\/amorepetfoods.com\/fr\/wp-json\/wp\/v2\/product"}],"about":[{"href":"https:\/\/amorepetfoods.com\/fr\/wp-json\/wp\/v2\/types\/product"}],"replies":[{"embeddable":true,"href":"https:\/\/amorepetfoods.com\/fr\/wp-json\/wp\/v2\/comments?post=2840"}],"wp:featuredmedia":[{"embeddable":true,"href":"https:\/\/amorepetfoods.com\/fr\/wp-json\/wp\/v2\/media\/56962"}],"wp:attachment":[{"href":"https:\/\/amorepetfoods.com\/fr\/wp-json\/wp\/v2\/media?parent=2840"}],"wp:term":[{"taxonomy":"product_brand","embeddable":true,"href":"https:\/\/amorepetfoods.com\/fr\/wp-json\/wp\/v2\/product_brand?post=2840"},{"taxonomy":"product_cat","embeddable":true,"href":"https:\/\/amorepetfoods.com\/fr\/wp-json\/wp\/v2\/product_cat?post=2840"},{"taxonomy":"product_tag","embeddable":true,"href":"https:\/\/amorepetfoods.com\/fr\/wp-json\/wp\/v2\/product_tag?post=2840"}],"curies":[{"name":"wp","href":"https:\/\/api.w.org\/{rel}","templated":true}]}}