{"id":309,"date":"2019-02-21T19:05:24","date_gmt":"2019-02-22T03:05:24","guid":{"rendered":"https:\/\/amorepetfoods.com\/staging\/product\/import-placeholder-for-89\/"},"modified":"2023-06-02T15:52:40","modified_gmt":"2023-06-02T22:52:40","slug":"mega-morsels-poulet-saumon","status":"publish","type":"product","link":"https:\/\/amorepetfoods.com\/fr\/shop\/mega-morsels\/dog-mega-morsels\/mega-morsels-chicken-salmon\/","title":{"rendered":"MEGA morsels\u2122 - Poulet et saumon (pour chiens)"},"content":{"rendered":"<p>La naissance de MEGA morsels\u00ae - L'un de nos produits concurrents affichait un tr\u00e8s \u00e9trange % pour la teneur en eau. J'ai demand\u00e9 \u00e0 mon amie, professeur de sciences au lyc\u00e9e, comment nous pouvions d\u00e9terminer la teneur en eau. Elle m'a dit de le s\u00e9cher comme nous le faisions pour les LoveBites, en commen\u00e7ant par 100 grammes exactement, puis de le peser une fois s\u00e9ch\u00e9. Quelle que soit la diff\u00e9rence, c'est l'eau qui a \u00e9t\u00e9 retir\u00e9e. La premi\u00e8re fois que nous l'avons pr\u00e9par\u00e9, Sassy et Lola sont devenues folles ! L'ar\u00f4me \u00e9tait si concentr\u00e9 qu'elles en devenaient folles. La soci\u00e9t\u00e9 Amor\u00e9 Pet Foods, bas\u00e9e \u00e0 Vancouver, n'utilise que des ingr\u00e9dients de qualit\u00e9 et des contr\u00f4les de qualit\u00e9 de fabrication pour garantir un produit nutritif s\u00fbr et de haute qualit\u00e9. Tous les ingr\u00e9dients sont de qualit\u00e9 humaine.  Les viandes sont achet\u00e9es enti\u00e8res et hach\u00e9es dans nos installations ; nous voulons voir la teneur en mati\u00e8res grasses et l'ajuster au besoin.  Les l\u00e9gumes sont livr\u00e9s frais chaque semaine.  Nous n'utilisons pas d'additifs, de conservateurs, de colorants ou d'ingr\u00e9dients synth\u00e9tiques.  Nous n'utilisons que de la viande, des l\u00e9gumes, de l'huile d'olive extra vierge et du varech. La qualit\u00e9 est l\u00e0 avant que notre c\u0153ur ne s'en aille ! Alimentation s\u00e8che ou r\u00e9hydrat\u00e9e. Pour r\u00e9hydrater, ajoutez des quantit\u00e9s \u00e9gales de MEGA Morsels\u00ae et d'eau froide dans un plat propre. Remuer et attendre 15 minutes pour une r\u00e9hydratation compl\u00e8te.<\/p>","protected":false},"excerpt":{"rendered":"<p>Nourrissez-le \u00e0 sec ou r\u00e9hydrat\u00e9. Pour r\u00e9hydrater, ajouter des quantit\u00e9s \u00e9gales de MEGA Morsels\u00ae et d'eau froide dans un plat propre. Remuer et attendre 15 minutes pour une r\u00e9hydratation compl\u00e8te.<\/p>","protected":false},"featured_media":56874,"comment_status":"open","ping_status":"closed","template":"","meta":{"_et_pb_use_builder":"off","_et_pb_old_content":"The birth of MEGA morsels\u00ae - One of our competitor products had a very strange % on their product for moisture content. I asked my friend, a high school science teacher, how we could figure out the moisture content. She told me to dry it like we did the LoveBites, starting with exactly 100 grams, then weigh it when dried. Whatever the difference was the water that had been removed. The first time we made it Sassy and Lola went nuts! The aroma was so concentrated, it was driving them crazy.\r\n\r\nVancouver-based Amor\u00e9 Pet Foods uses only quality ingredients and manufacturing quality controls to ensure a safe, high-quality nutritious product.\r\n\r\nAll ingredients are human-grade.\u00a0 The meats are bought whole and ground in our facility; we want to see the fat content and adjust as necessary.\u00a0 Vegetables are delivered fresh weekly.\u00a0 We don't use any additives, preservatives, coloring, or synthetic ingredients.\u00a0 Only meat, vegetables, extra virgin olive oil, and kelp.\r\n\r\nThe quality goes in before our heart goes out!\r\n\r\nFeed dry or rehydrated. To rehydrate, add equal amounts of MEGA Morsels\u00ae and cold water to a clean dish. Stir and allow 15 minutes for full rehydration.","_et_gb_content_width":"","wds_primary_product_brand":0,"wds_primary_product_cat":52},"product_brand":[],"product_cat":[16,52],"product_tag":[110,111,101,68,26,21,89,87,100,94,91,112,67,113,69,98,96,114],"class_list":{"0":"post-309","1":"product","2":"type-product","3":"status-publish","4":"has-post-thumbnail","6":"product_cat-mega-morsels","7":"product_cat-dog-mega-morsels","8":"product_tag-all-human-grade","9":"product_tag-all-natural","10":"product_tag-canadian-ingredients","11":"product_tag-cool-air","12":"product_tag-dehydrated-raw-dog-food","13":"product_tag-dog-food","14":"product_tag-food-topper","15":"product_tag-limited-ingredients","16":"product_tag-made-in-canada","17":"product_tag-maximum-nutrition","18":"product_tag-meal-topper","19":"product_tag-no-additives-or-preservatives-or-coloring-or-synthetic-ingredients","20":"product_tag-no-heat","21":"product_tag-no-meat-meals","22":"product_tag-real-chicken","23":"product_tag-real-meat","24":"product_tag-real-salmon","25":"product_tag-two-proteins","26":"product_shipping_class-standard-shipping","28":"first","29":"instock","30":"taxable","31":"shipping-taxable","32":"purchasable","33":"product-type-variable","34":"has-default-attributes"},"_links":{"self":[{"href":"https:\/\/amorepetfoods.com\/fr\/wp-json\/wp\/v2\/product\/309","targetHints":{"allow":["GET"]}}],"collection":[{"href":"https:\/\/amorepetfoods.com\/fr\/wp-json\/wp\/v2\/product"}],"about":[{"href":"https:\/\/amorepetfoods.com\/fr\/wp-json\/wp\/v2\/types\/product"}],"replies":[{"embeddable":true,"href":"https:\/\/amorepetfoods.com\/fr\/wp-json\/wp\/v2\/comments?post=309"}],"wp:featuredmedia":[{"embeddable":true,"href":"https:\/\/amorepetfoods.com\/fr\/wp-json\/wp\/v2\/media\/56874"}],"wp:attachment":[{"href":"https:\/\/amorepetfoods.com\/fr\/wp-json\/wp\/v2\/media?parent=309"}],"wp:term":[{"taxonomy":"product_brand","embeddable":true,"href":"https:\/\/amorepetfoods.com\/fr\/wp-json\/wp\/v2\/product_brand?post=309"},{"taxonomy":"product_cat","embeddable":true,"href":"https:\/\/amorepetfoods.com\/fr\/wp-json\/wp\/v2\/product_cat?post=309"},{"taxonomy":"product_tag","embeddable":true,"href":"https:\/\/amorepetfoods.com\/fr\/wp-json\/wp\/v2\/product_tag?post=309"}],"curies":[{"name":"wp","href":"https:\/\/api.w.org\/{rel}","templated":true}]}}