{"id":56915,"date":"2021-07-05T13:39:46","date_gmt":"2021-07-05T20:39:46","guid":{"rendered":"https:\/\/amorepetfoods.com\/?post_type=product&#038;p=56915"},"modified":"2023-06-01T11:56:53","modified_gmt":"2023-06-01T18:56:53","slug":"mega-carres-double-foie-de-volaille","status":"publish","type":"product","link":"https:\/\/amorepetfoods.com\/fr\/shop\/treats\/mega-squares-double-chicken-liver\/","title":{"rendered":"MEGA carr\u00e9s - Foie de poulet double"},"content":{"rendered":"<p>La soci\u00e9t\u00e9 Amor\u00e9 Pet Foods, bas\u00e9e \u00e0 Vancouver, n'utilise que des ingr\u00e9dients de qualit\u00e9 et des contr\u00f4les de qualit\u00e9 de fabrication pour garantir un produit nutritif s\u00fbr et de haute qualit\u00e9. Tous les ingr\u00e9dients sont de qualit\u00e9 humaine.  Les viandes sont achet\u00e9es enti\u00e8res et hach\u00e9es dans nos installations ; nous voulons voir la teneur en gras et l'ajuster au besoin.  Les l\u00e9gumes sont livr\u00e9s frais chaque semaine.  Nous n'utilisons pas d'additifs, de conservateurs, de colorants ou d'ingr\u00e9dients synth\u00e9tiques.  Nous n'utilisons que de la viande, des l\u00e9gumes, de l'huile d'olive extra vierge et du varech. La qualit\u00e9 est l\u00e0 avant que notre c\u0153ur ne s'en aille !<\/p>","protected":false},"excerpt":{"rendered":"<p>Nous commen\u00e7ons par des flocons d'avoine entiers que nous broyons nous-m\u00eames.  Nous y ajoutons du foie frais, des \u0153ufs, du bouillon, des morceaux LoveBite et nous m\u00e9langeons !  Nous les faisons cuire jusqu'\u00e0 ce qu'ils soient bien croustillants.  Chaque carr\u00e9 est rempli de nutriments, sans agents de remplissage, additifs, conservateurs ou ingr\u00e9dients synth\u00e9tiques.  Fabriqu\u00e9 sans bl\u00e9, ni ma\u00efs, ni soja !<\/p>\n<p>Disponible au b\u0153uf, au buffle et au poulet.<\/p>","protected":false},"featured_media":56875,"comment_status":"open","ping_status":"closed","template":"","meta":{"_et_pb_use_builder":"off","_et_pb_old_content":"Vancouver-based Amor\u00e9 Pet Foods uses only quality ingredients and manufacturing quality controls to ensure a safe, high-quality nutritious product.\r\n\r\nAll ingredients are human-grade.\u00a0 The meats are bought whole and ground in our facility; we want to see the fat content and adjust as necessary.\u00a0 Vegetables are delivered fresh weekly.\u00a0 We don't use any additives, preservatives, coloring, or synthetic ingredients.\u00a0 Only meat, vegetables, extra virgin olive oil, and kelp.\r\n\r\nThe quality goes in before our heart goes out!","_et_gb_content_width":"","wds_primary_product_brand":0,"wds_primary_product_cat":49},"product_brand":[],"product_cat":[49],"product_tag":[110,111,101,115,68,116,76,77,87,81,100,94,112,67,113,69,98,86],"class_list":{"0":"post-56915","1":"product","2":"type-product","3":"status-publish","4":"has-post-thumbnail","6":"product_cat-treats","7":"product_tag-all-human-grade","8":"product_tag-all-natural","9":"product_tag-canadian-ingredients","10":"product_tag-cat-treats","11":"product_tag-cool-air","12":"product_tag-dehydrated-raw-cat-treats","13":"product_tag-dehydrated-raw-dog-treats","14":"product_tag-dog-treats","15":"product_tag-limited-ingredients","16":"product_tag-liver","17":"product_tag-made-in-canada","18":"product_tag-maximum-nutrition","19":"product_tag-no-additives-or-preservatives-or-coloring-or-synthetic-ingredients","20":"product_tag-no-heat","21":"product_tag-no-meat-meals","22":"product_tag-real-chicken","23":"product_tag-real-meat","24":"product_tag-single-protein","25":"product_shipping_class-standard-shipping","27":"first","28":"instock","29":"taxable","30":"shipping-taxable","31":"purchasable","32":"product-type-simple"},"_links":{"self":[{"href":"https:\/\/amorepetfoods.com\/fr\/wp-json\/wp\/v2\/product\/56915","targetHints":{"allow":["GET"]}}],"collection":[{"href":"https:\/\/amorepetfoods.com\/fr\/wp-json\/wp\/v2\/product"}],"about":[{"href":"https:\/\/amorepetfoods.com\/fr\/wp-json\/wp\/v2\/types\/product"}],"replies":[{"embeddable":true,"href":"https:\/\/amorepetfoods.com\/fr\/wp-json\/wp\/v2\/comments?post=56915"}],"wp:featuredmedia":[{"embeddable":true,"href":"https:\/\/amorepetfoods.com\/fr\/wp-json\/wp\/v2\/media\/56875"}],"wp:attachment":[{"href":"https:\/\/amorepetfoods.com\/fr\/wp-json\/wp\/v2\/media?parent=56915"}],"wp:term":[{"taxonomy":"product_brand","embeddable":true,"href":"https:\/\/amorepetfoods.com\/fr\/wp-json\/wp\/v2\/product_brand?post=56915"},{"taxonomy":"product_cat","embeddable":true,"href":"https:\/\/amorepetfoods.com\/fr\/wp-json\/wp\/v2\/product_cat?post=56915"},{"taxonomy":"product_tag","embeddable":true,"href":"https:\/\/amorepetfoods.com\/fr\/wp-json\/wp\/v2\/product_tag?post=56915"}],"curies":[{"name":"wp","href":"https:\/\/api.w.org\/{rel}","templated":true}]}}