{"id":65204,"date":"2025-04-15T12:05:49","date_gmt":"2025-04-15T19:05:49","guid":{"rendered":"https:\/\/amorepetfoods.com\/?post_type=product&#038;p=65204"},"modified":"2025-04-15T13:15:42","modified_gmt":"2025-04-15T20:15:42","slug":"taille-dessai-pour-les-chiens","status":"publish","type":"product","link":"https:\/\/amorepetfoods.com\/fr\/shop\/mega-morsels\/dog-mega-morsels\/trial-size-for-dogs\/","title":{"rendered":"Taille d'essai pour les chiens"},"content":{"rendered":"<p><span style=\"font-size: 10.5pt; font-family: 'Open Sans',sans-serif; color: #666666;\">Votre Furkid veut-il essayer Amor\u00e9 ?  Nous savons que votre chien va l'adorer et qu'il va b\u00e9n\u00e9ficier d'une meilleure digestion, d'une meilleure sant\u00e9 et d'un plus grand bonheur.  Nous savons aussi que tu verras la diff\u00e9rence d\u00e8s la premi\u00e8re crotte !<\/p>\n<p>Choisissez une seule prot\u00e9ine ou trois.  N'oubliez pas de nous indiquer dans les notes quelles sont les prot\u00e9ines que vous aimeriez essayer, et nous vous les enverrons imm\u00e9diatement.  Vous ne voulez pas de nourriture ?  Vous pouvez choisir des friandises \u00e0 la place !<\/span><\/p>\n<p>N'oubliez pas d'indiquer votre\/vos s\u00e9lection(s) lors du paiement !<\/p>","protected":false},"excerpt":{"rendered":"<p>Does your Furkid want to try Amor\u00e9?\u00a0 We know your dog will love it and it\u2019ll be great for digestion, health, and happiness.\u00a0 We also know you&#8217;ll see the difference in the first poop! Select a single protein or choose three.\u00a0 Make sure to tell us in the notes, which one or three proteins you&#8217;d [&hellip;]<\/p>\n","protected":false},"featured_media":65069,"comment_status":"closed","ping_status":"closed","template":"","meta":{"_et_pb_use_builder":"","_et_pb_old_content":"","_et_gb_content_width":"","wds_primary_product_brand":0,"wds_primary_product_cat":0},"product_brand":[],"product_cat":[16,52],"product_tag":[],"class_list":{"0":"post-65204","1":"product","2":"type-product","3":"status-publish","4":"has-post-thumbnail","6":"product_cat-mega-morsels","7":"product_cat-dog-mega-morsels","9":"first","10":"instock","11":"featured","12":"taxable","13":"shipping-taxable","14":"purchasable","15":"product-type-variable","16":"has-default-attributes"},"_links":{"self":[{"href":"https:\/\/amorepetfoods.com\/fr\/wp-json\/wp\/v2\/product\/65204","targetHints":{"allow":["GET"]}}],"collection":[{"href":"https:\/\/amorepetfoods.com\/fr\/wp-json\/wp\/v2\/product"}],"about":[{"href":"https:\/\/amorepetfoods.com\/fr\/wp-json\/wp\/v2\/types\/product"}],"replies":[{"embeddable":true,"href":"https:\/\/amorepetfoods.com\/fr\/wp-json\/wp\/v2\/comments?post=65204"}],"wp:featuredmedia":[{"embeddable":true,"href":"https:\/\/amorepetfoods.com\/fr\/wp-json\/wp\/v2\/media\/65069"}],"wp:attachment":[{"href":"https:\/\/amorepetfoods.com\/fr\/wp-json\/wp\/v2\/media?parent=65204"}],"wp:term":[{"taxonomy":"product_brand","embeddable":true,"href":"https:\/\/amorepetfoods.com\/fr\/wp-json\/wp\/v2\/product_brand?post=65204"},{"taxonomy":"product_cat","embeddable":true,"href":"https:\/\/amorepetfoods.com\/fr\/wp-json\/wp\/v2\/product_cat?post=65204"},{"taxonomy":"product_tag","embeddable":true,"href":"https:\/\/amorepetfoods.com\/fr\/wp-json\/wp\/v2\/product_tag?post=65204"}],"curies":[{"name":"wp","href":"https:\/\/api.w.org\/{rel}","templated":true}]}}